{"id":117,"date":"2024-03-13T16:26:51","date_gmt":"2024-03-13T15:26:51","guid":{"rendered":"http:\/\/52.59.3.57.nip.io\/management\/?page_id=117"},"modified":"2024-04-05T17:26:48","modified_gmt":"2024-04-05T15:26:48","slug":"betriebsfuehrung","status":"publish","type":"page","link":"https:\/\/ks-solar.com\/management\/betriebsfuehrung\/","title":{"rendered":"Betriebsf\u00fchrung"},"content":{"rendered":"\n<div class=\"wp-block-group alignwide has-global-padding is-layout-constrained wp-block-group-is-layout-constrained\" style=\"padding-top:var(--wp--preset--spacing--60);padding-bottom:var(--wp--preset--spacing--60)\">\n<div class=\"wp-block-columns alignwide is-layout-flex wp-container-core-columns-is-layout-1 wp-block-columns-is-layout-flex\">\n<div class=\"wp-block-column is-layout-flow wp-block-column-is-layout-flow\">\n<figure class=\"wp-block-image size-full animated slideInLeft\"><img loading=\"lazy\" decoding=\"async\" width=\"2400\" height=\"1600\" src=\"https:\/\/ks-solar.com\/management\/wp-content\/uploads\/sites\/5\/2024\/03\/getty-images-XKCdla41lkM-unsplash.webp\" alt=\"\" class=\"wp-image-30\" style=\"aspect-ratio:4\/3;object-fit:cover\" srcset=\"https:\/\/ks-solar.com\/management\/wp-content\/uploads\/sites\/5\/2024\/03\/getty-images-XKCdla41lkM-unsplash.webp 2400w, https:\/\/ks-solar.com\/management\/wp-content\/uploads\/sites\/5\/2024\/03\/getty-images-XKCdla41lkM-unsplash-300x200.webp 300w, https:\/\/ks-solar.com\/management\/wp-content\/uploads\/sites\/5\/2024\/03\/getty-images-XKCdla41lkM-unsplash-1024x683.webp 1024w, https:\/\/ks-solar.com\/management\/wp-content\/uploads\/sites\/5\/2024\/03\/getty-images-XKCdla41lkM-unsplash-768x512.webp 768w, https:\/\/ks-solar.com\/management\/wp-content\/uploads\/sites\/5\/2024\/03\/getty-images-XKCdla41lkM-unsplash-1536x1024.webp 1536w, https:\/\/ks-solar.com\/management\/wp-content\/uploads\/sites\/5\/2024\/03\/getty-images-XKCdla41lkM-unsplash-2048x1365.webp 2048w\" sizes=\"(max-width: 2400px) 100vw, 2400px\" \/><\/figure>\n<\/div>\n\n\n\n<div class=\"wp-block-column is-vertically-aligned-center is-layout-flow wp-block-column-is-layout-flow\">\n<div class=\"wp-block-group has-global-padding is-layout-constrained wp-block-group-is-layout-constrained\">\n<h2 class=\"wp-block-heading animated slideInRight has-sunfire-orange-color has-text-color has-link-color wp-elements-8ad059657b36dd7323d9ecbf807b77e0\">Betriebsf\u00fchrung<\/h2>\n\n\n\n<p class=\"animated slideInRight\">W\u00e4hrend des Betriebs einer Solaranlage oder eines Solarparks sollte sichergestellt sein, dass St\u00f6rungen und Ausf\u00e4lle sofort bemerkt und entsprechend behoben werden k\u00f6nnen. Deswegen \u00fcberwacht unser technisches Fachpersonal Ihre Anlage w\u00e4hrend des Einspeisebetriebs und sorgt so f\u00fcr einen nachhaltigen Betrieb mit dauerhaft hohen Ertr\u00e4gen. Dieses sogenannte Anlagenmonitoring wird erm\u00f6glicht durch moderne Fern\u00fcberwachungstechniken, die regelm\u00e4\u00dfig \u00fcberpr\u00fcft und durch Up-Dates aktualisiert werden.&nbsp;<\/p>\n\n\n\n<div class=\"wp-block-buttons is-layout-flex wp-block-buttons-is-layout-flex\">\n<div class=\"wp-block-button is-style-fill o-anim-hover animated slideInRight\"><a class=\"wp-block-button__link wp-element-button\" href=\"https:\/\/www1.meteocontrol.de\/vcom\/default\/login\/index\/\">Login<\/a><\/div>\n<\/div>\n<\/div>\n<\/div>\n<\/div>\n<\/div>\n\n\n\n<div class=\"wp-block-group alignfull has-whispering-white-background-color has-background has-global-padding is-layout-constrained wp-block-group-is-layout-constrained\" style=\"padding-top:var(--wp--preset--spacing--60);padding-right:var(--wp--preset--spacing--40);padding-bottom:var(--wp--preset--spacing--60);padding-left:var(--wp--preset--spacing--40)\">\n<h2 class=\"wp-block-heading alignwide o-typing-fast has-sunfire-orange-color has-text-color has-link-color wp-elements-a6532e9faf20fd5a882ede96d4b3dc9f\">Unsere Leistungen<\/h2>\n\n\n\n<div class=\"wp-block-media-text alignwide has-media-on-the-right is-stacked-on-mobile is-vertically-aligned-center is-image-fill has-pristine-white-background-color has-background\" style=\"padding-top:0;padding-bottom:0\"><div class=\"wp-block-media-text__content\">\n<div class=\"wp-block-group has-global-padding is-layout-constrained wp-container-core-group-is-layout-8 wp-block-group-is-layout-constrained\" style=\"padding-top:var(--wp--preset--spacing--60);padding-bottom:var(--wp--preset--spacing--60)\">\n<div class=\"wp-block-group has-global-padding is-layout-constrained wp-block-group-is-layout-constrained\" style=\"border-bottom-color:var(--wp--preset--color--midnight-shadow);border-bottom-width:1px;padding-top:var(--wp--preset--spacing--30);padding-bottom:var(--wp--preset--spacing--30)\">\n<p class=\"has-midnight-shadow-color has-text-color has-link-color has-large-font-size wp-elements-b81fd1cae334b98899468ba8d1cc49d7\">\u25b6 Betriebsdatenanalyse zur Fr\u00fcherkennung von Fehlern<\/p>\n<\/div>\n\n\n\n<div class=\"wp-block-group has-global-padding is-layout-constrained wp-block-group-is-layout-constrained\" style=\"border-bottom-color:var(--wp--preset--color--midnight-shadow);border-bottom-width:1px;padding-top:var(--wp--preset--spacing--30);padding-bottom:var(--wp--preset--spacing--30)\">\n<p class=\"has-midnight-shadow-color has-text-color has-link-color has-large-font-size wp-elements-019445e9fdd32076010cf600cf2bec02\">\u25b6 T\u00e4gliches Anlagenmonitoring<\/p>\n<\/div>\n\n\n\n<div class=\"wp-block-group has-global-padding is-layout-constrained wp-block-group-is-layout-constrained\" style=\"border-bottom-color:var(--wp--preset--color--midnight-shadow);border-bottom-width:1px;padding-top:var(--wp--preset--spacing--30);padding-bottom:var(--wp--preset--spacing--30)\">\n<p class=\"has-midnight-shadow-color has-text-color has-link-color has-large-font-size wp-elements-5d33ef3149723945264234a22ec01c99\">\u25b6 Qualifizierte Fehleranalyse und Zuordnung von St\u00f6rungsmeldungen<\/p>\n<\/div>\n\n\n\n<div class=\"wp-block-group has-global-padding is-layout-constrained wp-block-group-is-layout-constrained\" style=\"border-bottom-color:var(--wp--preset--color--midnight-shadow);border-bottom-width:1px;padding-top:var(--wp--preset--spacing--30);padding-bottom:var(--wp--preset--spacing--30)\">\n<p class=\"has-midnight-shadow-color has-text-color has-link-color has-large-font-size wp-elements-3e3fc5d2faf21fea18edfac156060a57\">\u25b6 Schnelle Einsatzplanung von Personal vor Ort, falls erforderlich<\/p>\n<\/div>\n\n\n\n<div class=\"wp-block-group has-global-padding is-layout-constrained wp-container-core-group-is-layout-7 wp-block-group-is-layout-constrained\" style=\"padding-top:var(--wp--preset--spacing--30);padding-bottom:var(--wp--preset--spacing--30)\">\n<p class=\"has-midnight-shadow-color has-text-color has-link-color has-large-font-size wp-elements-f6ee5118679988666212ca1e40e4c2ac\">\u25b6 Auf Wunsch stellen wir Ihnen gerne regelm\u00e4\u00dfig folgende Anlagendaten zur Verf\u00fcgung:<\/p>\n\n\n\n<ul class=\"has-midnight-shadow-color has-text-color has-link-color wp-elements-46e0f7ac874fa7f3c11d9e4fddeb1ad3\">\n<li class=\"has-large-font-size\">Fehlerlogbuch<\/li>\n\n\n\n<li class=\"has-large-font-size\">Ertragsberichte<\/li>\n\n\n\n<li class=\"has-large-font-size\">Lebenslaufakten mit Wartungs- und Einsatzberichten<\/li>\n<\/ul>\n<\/div>\n<\/div>\n<\/div><figure class=\"wp-block-media-text__media\" style=\"background-image:url(https:\/\/ks-solar.com\/management\/wp-content\/uploads\/sites\/5\/2024\/04\/KS-Solar-03-2024-04674-1024x683.webp);background-position:50% 50%\"><img loading=\"lazy\" decoding=\"async\" width=\"1024\" height=\"683\" src=\"https:\/\/ks-solar.com\/management\/wp-content\/uploads\/sites\/5\/2024\/04\/KS-Solar-03-2024-04674-1024x683.webp\" alt=\"\" class=\"wp-image-173 size-full\" srcset=\"https:\/\/ks-solar.com\/management\/wp-content\/uploads\/sites\/5\/2024\/04\/KS-Solar-03-2024-04674-1024x683.webp 1024w, https:\/\/ks-solar.com\/management\/wp-content\/uploads\/sites\/5\/2024\/04\/KS-Solar-03-2024-04674-300x200.webp 300w, https:\/\/ks-solar.com\/management\/wp-content\/uploads\/sites\/5\/2024\/04\/KS-Solar-03-2024-04674-768x512.webp 768w, https:\/\/ks-solar.com\/management\/wp-content\/uploads\/sites\/5\/2024\/04\/KS-Solar-03-2024-04674-1536x1024.webp 1536w, https:\/\/ks-solar.com\/management\/wp-content\/uploads\/sites\/5\/2024\/04\/KS-Solar-03-2024-04674.webp 2048w\" sizes=\"(max-width: 1024px) 100vw, 1024px\" \/><\/figure><\/div>\n<\/div>\n","protected":false},"excerpt":{"rendered":"<p>Betriebsf\u00fchrung W\u00e4hrend des Betriebs einer Solaranlage oder eines Solarparks sollte sichergestellt sein, dass St\u00f6rungen und Ausf\u00e4lle sofort bemerkt und entsprechend behoben werden k\u00f6nnen. Deswegen \u00fcberwacht unser technisches Fachpersonal Ihre Anlage w\u00e4hrend des Einspeisebetriebs und sorgt so f\u00fcr einen nachhaltigen Betrieb mit dauerhaft hohen Ertr\u00e4gen. Dieses sogenannte Anlagenmonitoring wird erm\u00f6glicht durch moderne Fern\u00fcberwachungstechniken, die regelm\u00e4\u00dfig \u00fcberpr\u00fcft [&hellip;]<\/p>\n","protected":false},"author":2,"featured_media":0,"parent":0,"menu_order":0,"comment_status":"closed","ping_status":"closed","template":"","meta":{"footnotes":""},"_links":{"self":[{"href":"https:\/\/ks-solar.com\/management\/wp-json\/wp\/v2\/pages\/117"}],"collection":[{"href":"https:\/\/ks-solar.com\/management\/wp-json\/wp\/v2\/pages"}],"about":[{"href":"https:\/\/ks-solar.com\/management\/wp-json\/wp\/v2\/types\/page"}],"author":[{"embeddable":true,"href":"https:\/\/ks-solar.com\/management\/wp-json\/wp\/v2\/users\/2"}],"replies":[{"embeddable":true,"href":"https:\/\/ks-solar.com\/management\/wp-json\/wp\/v2\/comments?post=117"}],"version-history":[{"count":6,"href":"https:\/\/ks-solar.com\/management\/wp-json\/wp\/v2\/pages\/117\/revisions"}],"predecessor-version":[{"id":265,"href":"https:\/\/ks-solar.com\/management\/wp-json\/wp\/v2\/pages\/117\/revisions\/265"}],"wp:attachment":[{"href":"https:\/\/ks-solar.com\/management\/wp-json\/wp\/v2\/media?parent=117"}],"curies":[{"name":"wp","href":"https:\/\/api.w.org\/{rel}","templated":true}]}}