{"id":145,"date":"2024-04-03T14:48:48","date_gmt":"2024-04-03T12:48:48","guid":{"rendered":"http:\/\/52.59.3.57.nip.io\/management\/?page_id=145"},"modified":"2024-04-05T17:21:34","modified_gmt":"2024-04-05T15:21:34","slug":"staerken","status":"publish","type":"page","link":"https:\/\/ks-solar.com\/management\/staerken\/","title":{"rendered":"St\u00e4rken"},"content":{"rendered":"\n<div class=\"wp-block-group alignwide has-global-padding is-layout-constrained wp-block-group-is-layout-constrained\" style=\"padding-top:var(--wp--preset--spacing--60);padding-bottom:var(--wp--preset--spacing--60)\">\n<div class=\"wp-block-columns alignwide is-layout-flex wp-container-core-columns-is-layout-1 wp-block-columns-is-layout-flex\">\n<div class=\"wp-block-column is-layout-flow wp-block-column-is-layout-flow\">\n<figure class=\"wp-block-image size-full animated slideInLeft\"><img loading=\"lazy\" decoding=\"async\" width=\"2400\" height=\"1600\" src=\"https:\/\/ks-solar.com\/management\/wp-content\/uploads\/sites\/5\/2024\/03\/getty-images-XKCdla41lkM-unsplash.webp\" alt=\"\" class=\"wp-image-30\" style=\"aspect-ratio:3\/4;object-fit:cover\" srcset=\"https:\/\/ks-solar.com\/management\/wp-content\/uploads\/sites\/5\/2024\/03\/getty-images-XKCdla41lkM-unsplash.webp 2400w, https:\/\/ks-solar.com\/management\/wp-content\/uploads\/sites\/5\/2024\/03\/getty-images-XKCdla41lkM-unsplash-300x200.webp 300w, https:\/\/ks-solar.com\/management\/wp-content\/uploads\/sites\/5\/2024\/03\/getty-images-XKCdla41lkM-unsplash-1024x683.webp 1024w, https:\/\/ks-solar.com\/management\/wp-content\/uploads\/sites\/5\/2024\/03\/getty-images-XKCdla41lkM-unsplash-768x512.webp 768w, https:\/\/ks-solar.com\/management\/wp-content\/uploads\/sites\/5\/2024\/03\/getty-images-XKCdla41lkM-unsplash-1536x1024.webp 1536w, https:\/\/ks-solar.com\/management\/wp-content\/uploads\/sites\/5\/2024\/03\/getty-images-XKCdla41lkM-unsplash-2048x1365.webp 2048w\" sizes=\"(max-width: 2400px) 100vw, 2400px\" \/><\/figure>\n<\/div>\n\n\n\n<div class=\"wp-block-column is-vertically-aligned-center is-layout-flow wp-block-column-is-layout-flow\">\n<div class=\"wp-block-group has-global-padding is-layout-constrained wp-block-group-is-layout-constrained\">\n<h2 class=\"wp-block-heading animated slideInRight has-sunfire-orange-color has-text-color has-link-color wp-elements-059f9e518b28f22ea2cbc09351b649ef\">\u00dcberzeugende Qualit\u00e4t und Netzwerkst\u00e4rke in der Photovoltaik<\/h2>\n\n\n\n<p class=\"animated slideInRight\">Unsere Projekte werden mit bew\u00e4hrten Markenprodukten realisiert, die durch langj\u00e4hrige Pr\u00e4senz und hohe Qualit\u00e4tsstandards auf dem Photovoltaikmarkt \u00fcberzeugen. Durch eine zentrale Steuerung unserer Arbeitsprozesse gew\u00e4hrleisten wir reibungslose Abl\u00e4ufe und k\u00f6nnen schnell auf unerwartete Ereignisse reagieren. Unsere breite Netzwerkbasis an Fachleuten und Handelspartnern erm\u00f6glicht uns optimale Voraussetzungen f\u00fcr die erfolgreiche Umsetzung jedes Projekts. Unser h\u00f6chster Anspruch ist es, Anlagen mit hoher Leistungsf\u00e4higkeit und langer Lebensdauer zu realisieren. Wir betrachten dies nicht nur als wirtschaftliche, sondern auch als \u00f6kologische Investition in eine nachhaltige Zukunft.<\/p>\n<\/div>\n<\/div>\n<\/div>\n<\/div>\n\n\n\n<div class=\"wp-block-group alignwide has-global-padding is-layout-constrained wp-block-group-is-layout-constrained\" style=\"padding-top:var(--wp--preset--spacing--60);padding-bottom:var(--wp--preset--spacing--60)\">\n<div class=\"wp-block-columns alignwide columns-reverse-on-mobile is-layout-flex wp-container-core-columns-is-layout-2 wp-block-columns-is-layout-flex\">\n<div class=\"wp-block-column is-vertically-aligned-center is-layout-flow wp-block-column-is-layout-flow\">\n<h2 class=\"wp-block-heading animated slideInLeft has-sunfire-orange-color has-text-color has-link-color wp-elements-5f5f105947bbf6ed71bec811867a8c72\">Kundenspezifische Photovoltaikl\u00f6sungen und nachhaltige Energiezukunft<\/h2>\n\n\n\n<div class=\"wp-block-group has-global-padding is-layout-constrained wp-block-group-is-layout-constrained\">\n<p class=\"animated slideInLeft\">Wir sind stolz darauf, ma\u00dfgeschneiderte L\u00f6sungen zu entwickeln, die den Bed\u00fcrfnissen unserer Kunden gerecht werden und gleichzeitig f\u00fchrend in Effizienz und Zuverl\u00e4ssigkeit sind. Dar\u00fcber hinaus legen wir gro\u00dfen Wert auf eine umfassende Kundenbetreuung von der Planung bis zur Inbetriebnahme und dar\u00fcber hinaus. Unsere hohe Fachkompetenz und unser Engagement f\u00fcr nachhaltige Energiel\u00f6sungen erm\u00f6glichen es uns, qualitativ hochwertige, langlebige und zukunftssichere Photovoltaikanlagen zu liefern. Unsere Kunden vertrauen auf unsere Expertise in der Projektierung und Realisierung von Anlagen verschiedenster Gr\u00f6\u00dfenordnungen und Komplexit\u00e4ten, und wir sind bestrebt, stets an vorderster Front der technologischen Entwicklungen zu agieren. Unser Fokus liegt auf der fortw\u00e4hrenden Verbesserung und Anpassung, um die besten L\u00f6sungen in der Photovoltaikbranche anzubieten und so einen positiven Beitrag zur nachhaltigen Energieerzeugung zu leisten.<\/p>\n<\/div>\n<\/div>\n\n\n\n<div class=\"wp-block-column is-layout-flow wp-block-column-is-layout-flow\">\n<figure class=\"wp-block-image size-full animated slideInRight\"><img loading=\"lazy\" decoding=\"async\" width=\"2048\" height=\"1365\" src=\"https:\/\/ks-solar.com\/management\/wp-content\/uploads\/sites\/5\/2024\/04\/KS-Solar-03-2024-04618.webp\" alt=\"\" class=\"wp-image-170\" style=\"aspect-ratio:3\/4;object-fit:cover\" srcset=\"https:\/\/ks-solar.com\/management\/wp-content\/uploads\/sites\/5\/2024\/04\/KS-Solar-03-2024-04618.webp 2048w, https:\/\/ks-solar.com\/management\/wp-content\/uploads\/sites\/5\/2024\/04\/KS-Solar-03-2024-04618-300x200.webp 300w, https:\/\/ks-solar.com\/management\/wp-content\/uploads\/sites\/5\/2024\/04\/KS-Solar-03-2024-04618-1024x683.webp 1024w, https:\/\/ks-solar.com\/management\/wp-content\/uploads\/sites\/5\/2024\/04\/KS-Solar-03-2024-04618-768x512.webp 768w, https:\/\/ks-solar.com\/management\/wp-content\/uploads\/sites\/5\/2024\/04\/KS-Solar-03-2024-04618-1536x1024.webp 1536w\" sizes=\"(max-width: 2048px) 100vw, 2048px\" \/><\/figure>\n<\/div>\n<\/div>\n<\/div>\n","protected":false},"excerpt":{"rendered":"<p>\u00dcberzeugende Qualit\u00e4t und Netzwerkst\u00e4rke in der Photovoltaik Unsere Projekte werden mit bew\u00e4hrten Markenprodukten realisiert, die durch langj\u00e4hrige Pr\u00e4senz und hohe Qualit\u00e4tsstandards auf dem Photovoltaikmarkt \u00fcberzeugen. Durch eine zentrale Steuerung unserer Arbeitsprozesse gew\u00e4hrleisten wir reibungslose Abl\u00e4ufe und k\u00f6nnen schnell auf unerwartete Ereignisse reagieren. Unsere breite Netzwerkbasis an Fachleuten und Handelspartnern erm\u00f6glicht uns optimale Voraussetzungen f\u00fcr die [&hellip;]<\/p>\n","protected":false},"author":1,"featured_media":0,"parent":0,"menu_order":0,"comment_status":"closed","ping_status":"closed","template":"","meta":{"footnotes":""},"_links":{"self":[{"href":"https:\/\/ks-solar.com\/management\/wp-json\/wp\/v2\/pages\/145"}],"collection":[{"href":"https:\/\/ks-solar.com\/management\/wp-json\/wp\/v2\/pages"}],"about":[{"href":"https:\/\/ks-solar.com\/management\/wp-json\/wp\/v2\/types\/page"}],"author":[{"embeddable":true,"href":"https:\/\/ks-solar.com\/management\/wp-json\/wp\/v2\/users\/1"}],"replies":[{"embeddable":true,"href":"https:\/\/ks-solar.com\/management\/wp-json\/wp\/v2\/comments?post=145"}],"version-history":[{"count":3,"href":"https:\/\/ks-solar.com\/management\/wp-json\/wp\/v2\/pages\/145\/revisions"}],"predecessor-version":[{"id":260,"href":"https:\/\/ks-solar.com\/management\/wp-json\/wp\/v2\/pages\/145\/revisions\/260"}],"wp:attachment":[{"href":"https:\/\/ks-solar.com\/management\/wp-json\/wp\/v2\/media?parent=145"}],"curies":[{"name":"wp","href":"https:\/\/api.w.org\/{rel}","templated":true}]}}