{"id":547,"date":"2025-11-27T15:46:38","date_gmt":"2025-11-27T14:46:38","guid":{"rendered":"https:\/\/ks-solar.com\/management\/?page_id=547"},"modified":"2026-01-28T13:44:36","modified_gmt":"2026-01-28T12:44:36","slug":"polen","status":"publish","type":"page","link":"https:\/\/ks-solar.com\/management\/polen\/","title":{"rendered":"Polen"},"content":{"rendered":"\n<div class=\"wp-block-group alignfull has-global-padding is-layout-constrained wp-block-group-is-layout-constrained\" style=\"padding-top:var(--wp--preset--spacing--60);padding-bottom:var(--wp--preset--spacing--60)\">\n<h1 class=\"wp-block-heading alignwide has-text-align-center has-michroma-font-family\">Polen<\/h1>\n\n\n\n<h2 class=\"wp-block-heading alignwide has-michroma-font-family\">Policko<\/h2>\n\n\n\n<div class=\"wp-block-columns alignwide is-layout-flex wp-container-core-columns-is-layout-3 wp-block-columns-is-layout-flex\">\n<div class=\"wp-block-column is-vertically-aligned-stretch min-h-50 is-layout-flow wp-block-column-is-layout-flow\" style=\"padding-top:0;padding-bottom:0;flex-basis:40%\">\n<div class=\"wp-block-cover\" style=\"border-radius:20px;padding-top:15vh;padding-bottom:15vh;min-height:100%;aspect-ratio:unset;\"><span aria-hidden=\"true\" class=\"wp-block-cover__background has-background-dim-0 has-background-dim\" style=\"background-color:#8891a2\"><\/span><img loading=\"lazy\" decoding=\"async\" width=\"8000\" height=\"6000\" class=\"wp-block-cover__image-background wp-image-528\" alt=\"\" src=\"https:\/\/ks-solar.com\/management\/wp-content\/uploads\/sites\/5\/2024\/08\/DJI_0103_W.jpg\" data-object-fit=\"cover\" srcset=\"https:\/\/ks-solar.com\/management\/wp-content\/uploads\/sites\/5\/2024\/08\/DJI_0103_W.jpg 8000w, https:\/\/ks-solar.com\/management\/wp-content\/uploads\/sites\/5\/2024\/08\/DJI_0103_W-300x225.jpg 300w, https:\/\/ks-solar.com\/management\/wp-content\/uploads\/sites\/5\/2024\/08\/DJI_0103_W-1024x768.jpg 1024w, https:\/\/ks-solar.com\/management\/wp-content\/uploads\/sites\/5\/2024\/08\/DJI_0103_W-768x576.jpg 768w\" sizes=\"(max-width: 8000px) 100vw, 8000px\" \/><div class=\"wp-block-cover__inner-container has-global-padding is-layout-constrained wp-block-cover-is-layout-constrained\">\n<p class=\"has-text-align-center has-large-font-size\"><\/p>\n<\/div><\/div>\n<\/div>\n\n\n\n<div class=\"wp-block-column is-layout-flow wp-block-column-is-layout-flow\">\n<div class=\"wp-block-columns is-layout-flex wp-container-core-columns-is-layout-1 wp-block-columns-is-layout-flex\">\n<div class=\"wp-block-column is-layout-flow wp-block-column-is-layout-flow\">\n<div class=\"wp-block-group has-global-padding is-layout-constrained wp-block-group-is-layout-constrained\">\n<div class=\"wp-block-group has-pristine-white-color has-whispering-white-background-color has-text-color has-background has-link-color wp-elements-61962a7198941a4751391010103a1955 has-global-padding is-layout-constrained wp-container-core-group-is-layout-1 wp-block-group-is-layout-constrained\" style=\"border-radius:20px;padding-top:var(--wp--preset--spacing--60);padding-right:var(--wp--preset--spacing--50);padding-bottom:var(--wp--preset--spacing--60);padding-left:var(--wp--preset--spacing--50)\">\n<p>Fl\u00e4che<\/p>\n\n\n\n<p class=\"has-text-align-left has-midnight-shadow-color has-text-color has-link-color has-michroma-font-family has-xx-large-font-size wp-elements-68091d3f2dbe40d902170f6217af764a\" style=\"font-style:normal;font-weight:400\">30.000<\/p>\n\n\n\n<p>in m<sup>2<\/sup><\/p>\n<\/div>\n<\/div>\n<\/div>\n\n\n\n<div class=\"wp-block-column is-layout-flow wp-block-column-is-layout-flow\">\n<div class=\"wp-block-group has-whispering-white-background-color has-background has-global-padding is-layout-constrained wp-container-core-group-is-layout-3 wp-block-group-is-layout-constrained\" style=\"border-radius:20px;padding-top:var(--wp--preset--spacing--60);padding-right:var(--wp--preset--spacing--50);padding-bottom:var(--wp--preset--spacing--60);padding-left:var(--wp--preset--spacing--50)\">\n<p>Anlagengr\u00f6\u00dfe<\/p>\n\n\n\n<p class=\"has-text-align-left has-midnight-shadow-color has-text-color has-link-color has-michroma-font-family has-xx-large-font-size wp-elements-51e86977599d876361e7041727b36977\">1.995<\/p>\n\n\n\n<p>in kWp.<\/p>\n<\/div>\n<\/div>\n<\/div>\n\n\n\n<div class=\"wp-block-columns is-layout-flex wp-container-core-columns-is-layout-2 wp-block-columns-is-layout-flex\">\n<div class=\"wp-block-column is-layout-flow wp-block-column-is-layout-flow\">\n<div class=\"wp-block-group has-global-padding is-layout-constrained wp-block-group-is-layout-constrained\">\n<div class=\"wp-block-group has-pristine-white-color has-whispering-white-background-color has-text-color has-background has-link-color wp-elements-c41b9d91e8e370f1202f837b597c804d has-global-padding is-layout-constrained wp-container-core-group-is-layout-4 wp-block-group-is-layout-constrained\" style=\"border-radius:20px;padding-top:var(--wp--preset--spacing--60);padding-right:var(--wp--preset--spacing--50);padding-bottom:var(--wp--preset--spacing--60);padding-left:var(--wp--preset--spacing--50)\">\n<p>Gespartes CO<sup>2<\/sup><\/p>\n\n\n\n<p class=\"has-text-align-left has-midnight-shadow-color has-text-color has-link-color has-michroma-font-family has-xx-large-font-size wp-elements-fa4b2a1b45ebedb1c70ba1878d61a2ce\" style=\"font-style:normal;font-weight:400\">1,095<\/p>\n\n\n\n<p>kt.<\/p>\n<\/div>\n<\/div>\n<\/div>\n\n\n\n<div class=\"wp-block-column is-layout-flow wp-block-column-is-layout-flow\">\n<div class=\"wp-block-group has-whispering-white-background-color has-background has-global-padding is-layout-constrained wp-container-core-group-is-layout-6 wp-block-group-is-layout-constrained\" style=\"border-radius:20px;padding-top:var(--wp--preset--spacing--60);padding-right:var(--wp--preset--spacing--50);padding-bottom:var(--wp--preset--spacing--60);padding-left:var(--wp--preset--spacing--50)\">\n<p>Gespartes CO<sup>2<\/sup> \u00e4quivalent zu<\/p>\n\n\n\n<p class=\"has-text-align-left has-midnight-shadow-color has-text-color has-link-color has-michroma-font-family has-xx-large-font-size wp-elements-8849ac6bd8f0ab94fe414b48011d14c0\">103.791<\/p>\n\n\n\n<p>gepflanzten B\u00e4umen<\/p>\n<\/div>\n<\/div>\n<\/div>\n<\/div>\n<\/div>\n<\/div>\n\n\n\n<div class=\"wp-block-group alignfull has-global-padding is-layout-constrained wp-block-group-is-layout-constrained\" style=\"padding-top:var(--wp--preset--spacing--60);padding-bottom:var(--wp--preset--spacing--60)\">\n<h2 class=\"wp-block-heading alignwide has-michroma-font-family\">Mosty<\/h2>\n\n\n\n<div class=\"wp-block-columns alignwide is-layout-flex wp-container-core-columns-is-layout-6 wp-block-columns-is-layout-flex\">\n<div class=\"wp-block-column is-vertically-aligned-stretch min-h-50 is-layout-flow wp-block-column-is-layout-flow\" style=\"padding-top:0;padding-bottom:0;flex-basis:40%\">\n<div class=\"wp-block-cover\" style=\"border-radius:20px;padding-top:15vh;padding-bottom:15vh;min-height:100%;aspect-ratio:unset;\"><span aria-hidden=\"true\" class=\"wp-block-cover__background has-background-dim-0 has-background-dim\" style=\"background-color:#8891a2\"><\/span><img loading=\"lazy\" decoding=\"async\" width=\"8000\" height=\"6000\" class=\"wp-block-cover__image-background wp-image-529\" alt=\"\" src=\"https:\/\/ks-solar.com\/management\/wp-content\/uploads\/sites\/5\/2024\/08\/DJI_0121_W.jpg\" data-object-fit=\"cover\" srcset=\"https:\/\/ks-solar.com\/management\/wp-content\/uploads\/sites\/5\/2024\/08\/DJI_0121_W.jpg 8000w, https:\/\/ks-solar.com\/management\/wp-content\/uploads\/sites\/5\/2024\/08\/DJI_0121_W-300x225.jpg 300w, https:\/\/ks-solar.com\/management\/wp-content\/uploads\/sites\/5\/2024\/08\/DJI_0121_W-1024x768.jpg 1024w, https:\/\/ks-solar.com\/management\/wp-content\/uploads\/sites\/5\/2024\/08\/DJI_0121_W-768x576.jpg 768w\" sizes=\"(max-width: 8000px) 100vw, 8000px\" \/><div class=\"wp-block-cover__inner-container has-global-padding is-layout-constrained wp-block-cover-is-layout-constrained\">\n<p class=\"has-text-align-center has-large-font-size\"><\/p>\n<\/div><\/div>\n<\/div>\n\n\n\n<div class=\"wp-block-column is-layout-flow wp-block-column-is-layout-flow\">\n<div class=\"wp-block-columns is-layout-flex wp-container-core-columns-is-layout-4 wp-block-columns-is-layout-flex\">\n<div class=\"wp-block-column is-layout-flow wp-block-column-is-layout-flow\">\n<div class=\"wp-block-group has-global-padding is-layout-constrained wp-block-group-is-layout-constrained\">\n<div class=\"wp-block-group has-pristine-white-color has-whispering-white-background-color has-text-color has-background has-link-color wp-elements-b7e28183277833c0050bdc2e6fdddc05 has-global-padding is-layout-constrained wp-container-core-group-is-layout-8 wp-block-group-is-layout-constrained\" style=\"border-radius:20px;padding-top:var(--wp--preset--spacing--60);padding-right:var(--wp--preset--spacing--50);padding-bottom:var(--wp--preset--spacing--60);padding-left:var(--wp--preset--spacing--50)\">\n<p>Fl\u00e4che<\/p>\n\n\n\n<p class=\"has-text-align-left has-midnight-shadow-color has-text-color has-link-color has-michroma-font-family has-xx-large-font-size wp-elements-cd85ee1a829f957a7633bca10d7a854d\" style=\"font-style:normal;font-weight:400\">100.000<\/p>\n\n\n\n<p>in m<sup>2<\/sup><\/p>\n<\/div>\n<\/div>\n<\/div>\n\n\n\n<div class=\"wp-block-column is-layout-flow wp-block-column-is-layout-flow\">\n<div class=\"wp-block-group has-whispering-white-background-color has-background has-global-padding is-layout-constrained wp-container-core-group-is-layout-10 wp-block-group-is-layout-constrained\" style=\"border-radius:20px;padding-top:var(--wp--preset--spacing--60);padding-right:var(--wp--preset--spacing--50);padding-bottom:var(--wp--preset--spacing--60);padding-left:var(--wp--preset--spacing--50)\">\n<p>Anlagengr\u00f6\u00dfe<\/p>\n\n\n\n<p class=\"has-text-align-left has-midnight-shadow-color has-text-color has-link-color has-michroma-font-family has-xx-large-font-size wp-elements-5fee26e5ffed5e2d2b27b065480aaac1\">6.985<\/p>\n\n\n\n<p>in kWp.<\/p>\n<\/div>\n<\/div>\n<\/div>\n\n\n\n<div class=\"wp-block-columns is-layout-flex wp-container-core-columns-is-layout-5 wp-block-columns-is-layout-flex\">\n<div class=\"wp-block-column is-layout-flow wp-block-column-is-layout-flow\">\n<div class=\"wp-block-group has-global-padding is-layout-constrained wp-block-group-is-layout-constrained\">\n<div class=\"wp-block-group has-pristine-white-color has-whispering-white-background-color has-text-color has-background has-link-color wp-elements-4ea6ab58839c2c92e3969a9398560248 has-global-padding is-layout-constrained wp-container-core-group-is-layout-11 wp-block-group-is-layout-constrained\" style=\"border-radius:20px;padding-top:var(--wp--preset--spacing--60);padding-right:var(--wp--preset--spacing--50);padding-bottom:var(--wp--preset--spacing--60);padding-left:var(--wp--preset--spacing--50)\">\n<p>Gespartes CO<sup>2<\/sup><\/p>\n\n\n\n<p class=\"has-text-align-left has-midnight-shadow-color has-text-color has-link-color has-michroma-font-family has-xx-large-font-size wp-elements-3c37852b84df89ae5a288c661d986c71\" style=\"font-style:normal;font-weight:400\">3,816<\/p>\n\n\n\n<p>kt.<\/p>\n<\/div>\n<\/div>\n<\/div>\n\n\n\n<div class=\"wp-block-column is-layout-flow wp-block-column-is-layout-flow\">\n<div class=\"wp-block-group has-whispering-white-background-color has-background has-global-padding is-layout-constrained wp-container-core-group-is-layout-13 wp-block-group-is-layout-constrained\" style=\"border-radius:20px;padding-top:var(--wp--preset--spacing--60);padding-right:var(--wp--preset--spacing--50);padding-bottom:var(--wp--preset--spacing--60);padding-left:var(--wp--preset--spacing--50)\">\n<p>Gespartes CO<sup>2<\/sup> \u00e4quivalent zu<\/p>\n\n\n\n<p class=\"has-text-align-left has-midnight-shadow-color has-text-color has-link-color has-michroma-font-family has-xx-large-font-size wp-elements-6e15e6a638b29a5e63a8b85ac51dbfc9\">362.900<\/p>\n\n\n\n<p>gepflanzten B\u00e4umen<\/p>\n<\/div>\n<\/div>\n<\/div>\n<\/div>\n<\/div>\n<\/div>\n","protected":false},"excerpt":{"rendered":"<p>Polen Policko Fl\u00e4che 30.000 in m2 Anlagengr\u00f6\u00dfe 1.995 in kWp. Gespartes CO2 1,095 kt. Gespartes CO2 \u00e4quivalent zu 103.791 gepflanzten B\u00e4umen Mosty Fl\u00e4che 100.000 in m2 Anlagengr\u00f6\u00dfe 6.985 in kWp. Gespartes CO2 3,816 kt. Gespartes CO2 \u00e4quivalent zu 362.900 gepflanzten B\u00e4umen<\/p>\n","protected":false},"author":3,"featured_media":0,"parent":0,"menu_order":0,"comment_status":"closed","ping_status":"closed","template":"","meta":{"footnotes":""},"_links":{"self":[{"href":"https:\/\/ks-solar.com\/management\/wp-json\/wp\/v2\/pages\/547"}],"collection":[{"href":"https:\/\/ks-solar.com\/management\/wp-json\/wp\/v2\/pages"}],"about":[{"href":"https:\/\/ks-solar.com\/management\/wp-json\/wp\/v2\/types\/page"}],"author":[{"embeddable":true,"href":"https:\/\/ks-solar.com\/management\/wp-json\/wp\/v2\/users\/3"}],"replies":[{"embeddable":true,"href":"https:\/\/ks-solar.com\/management\/wp-json\/wp\/v2\/comments?post=547"}],"version-history":[{"count":3,"href":"https:\/\/ks-solar.com\/management\/wp-json\/wp\/v2\/pages\/547\/revisions"}],"predecessor-version":[{"id":584,"href":"https:\/\/ks-solar.com\/management\/wp-json\/wp\/v2\/pages\/547\/revisions\/584"}],"wp:attachment":[{"href":"https:\/\/ks-solar.com\/management\/wp-json\/wp\/v2\/media?parent=547"}],"curies":[{"name":"wp","href":"https:\/\/api.w.org\/{rel}","templated":true}]}}