{"id":59,"date":"2024-03-13T11:49:22","date_gmt":"2024-03-13T10:49:22","guid":{"rendered":"http:\/\/52.59.3.57.nip.io\/management\/?page_id=59"},"modified":"2025-01-28T13:18:35","modified_gmt":"2025-01-28T12:18:35","slug":"leistungen","status":"publish","type":"page","link":"https:\/\/ks-solar.com\/management\/leistungen\/","title":{"rendered":"Leistungen"},"content":{"rendered":"\n<div class=\"wp-block-group alignfull has-global-padding is-layout-constrained wp-container-core-group-is-layout-18 wp-block-group-is-layout-constrained\" style=\"padding-right:0;padding-left:0\">\n<div class=\"wp-block-group alignwide has-global-padding is-layout-constrained wp-block-group-is-layout-constrained\" style=\"padding-top:var(--wp--preset--spacing--60);padding-right:var(--wp--preset--spacing--40);padding-bottom:var(--wp--preset--spacing--60);padding-left:var(--wp--preset--spacing--40)\">\n<div class=\"wp-block-columns alignwide is-layout-flex wp-container-core-columns-is-layout-1 wp-block-columns-is-layout-flex\">\n<div class=\"wp-block-column is-layout-flow wp-block-column-is-layout-flow\">\n<figure class=\"wp-block-image size-full animated slideInLeft\"><img loading=\"lazy\" decoding=\"async\" width=\"8000\" height=\"6000\" src=\"https:\/\/ks-solar.com\/management\/wp-content\/uploads\/sites\/5\/2025\/01\/DJI_0784_W.jpg\" alt=\"\" class=\"wp-image-517\" style=\"aspect-ratio:3\/4;object-fit:cover\" srcset=\"https:\/\/ks-solar.com\/management\/wp-content\/uploads\/sites\/5\/2025\/01\/DJI_0784_W.jpg 8000w, https:\/\/ks-solar.com\/management\/wp-content\/uploads\/sites\/5\/2025\/01\/DJI_0784_W-300x225.jpg 300w, https:\/\/ks-solar.com\/management\/wp-content\/uploads\/sites\/5\/2025\/01\/DJI_0784_W-1024x768.jpg 1024w, https:\/\/ks-solar.com\/management\/wp-content\/uploads\/sites\/5\/2025\/01\/DJI_0784_W-768x576.jpg 768w\" sizes=\"(max-width: 8000px) 100vw, 8000px\" \/><figcaption class=\"wp-element-caption\">default<\/figcaption><\/figure>\n<\/div>\n\n\n\n<div class=\"wp-block-column is-vertically-aligned-center is-layout-flow wp-block-column-is-layout-flow\">\n<div class=\"wp-block-group has-global-padding is-layout-constrained wp-block-group-is-layout-constrained\">\n<h2 class=\"wp-block-heading animated slideInRight has-sunfire-orange-color has-text-color has-link-color wp-elements-901173f7541c72d44574e3e3137c3509\"><strong><strong>Leistungen der KS Management GmbH<\/strong>&nbsp;<\/strong><\/h2>\n\n\n\n<p class=\"animated slideInRight\">Im Gegensatz zu reinen Solarfachbetrieben, die meist kleinere Anlagen installieren und die entsprechenden Komponenten von Gro\u00dfh\u00e4ndlern beziehen, realisiert die KS Management GmbH haupts\u00e4chlich mehrere Megawatt starke Freifeldprojekte und gr\u00f6\u00dfere gewerbliche Aufdachanlagen, f\u00fcr welche wir unsere Produkte direkt von den Herstellern beziehen.&nbsp;<\/p>\n\n\n\n<p class=\"animated slideInRight\">Wir planen und projektieren gemeinsam mit unserem regional ans\u00e4ssigen Kooperationspartner, der Firma CWF GmbH aus Niedernhall Photovoltaikanlagen in Eigenregie und \u00fcberwachen die Bauarbeiten bis zum Netzanschluss. Mit unserem Mitarbeiterteam vor Ort k\u00fcmmern wir uns um notwendige Genehmigungen und Zulassungen bei \u00c4mtern und Beh\u00f6rden.&nbsp;<\/p>\n<\/div>\n<\/div>\n<\/div>\n\n\n\n<div class=\"wp-block-group alignwide has-global-padding is-layout-constrained wp-block-group-is-layout-constrained\" style=\"padding-top:var(--wp--preset--spacing--60);padding-bottom:var(--wp--preset--spacing--60)\">\n<div class=\"wp-block-columns alignwide is-layout-flex wp-container-core-columns-is-layout-2 wp-block-columns-is-layout-flex\">\n<div class=\"wp-block-column is-vertically-aligned-center is-layout-flow wp-block-column-is-layout-flow\">\n<div class=\"wp-block-group has-global-padding is-layout-constrained wp-block-group-is-layout-constrained\">\n<h2 class=\"wp-block-heading animated slideInLeft has-sunfire-orange-color has-text-color has-link-color wp-elements-42c2d304628c3369a4e14fd581bd0044\"><strong>Kaufm\u00e4nnische und technische Betriebsf\u00fchrung<\/strong>&nbsp;<\/h2>\n\n\n\n<p class=\"animated slideInLeft\">Nach der Abnahme der Anlage und dem Anschluss an das \u00f6ffentliche Stromnetz \u00fcbernehmen wir die Wartung des Parks sowie die kaufm\u00e4nnische und technische Betriebsf\u00fchrung. Das bedeutet, dass wir sowohl die t\u00e4glichen Ertragsdaten der Anlage erfassen als auch m\u00f6gliche Fehlermeldungen. Durch die fr\u00fchzeitige Erkennung und Bearbeitung werden Minderertr\u00e4ge weitestgehend vermieden. Hierdurch gew\u00e4hrleisten wir unter anderem eine ertragreiche und lange Lebensdauer der Anlage mit kontinuierlichen Mehrertr\u00e4gen.&nbsp;<\/p>\n<\/div>\n<\/div>\n\n\n\n<div class=\"wp-block-column is-layout-flow wp-block-column-is-layout-flow\">\n<figure class=\"wp-block-image size-full animated slideInRight\"><img loading=\"lazy\" decoding=\"async\" width=\"2048\" height=\"1365\" src=\"https:\/\/ks-solar.com\/management\/wp-content\/uploads\/sites\/5\/2024\/04\/KS-Solar-03-2024-04674.webp\" alt=\"\" class=\"wp-image-173\" style=\"aspect-ratio:4\/3;object-fit:cover\" srcset=\"https:\/\/ks-solar.com\/management\/wp-content\/uploads\/sites\/5\/2024\/04\/KS-Solar-03-2024-04674.webp 2048w, https:\/\/ks-solar.com\/management\/wp-content\/uploads\/sites\/5\/2024\/04\/KS-Solar-03-2024-04674-300x200.webp 300w, https:\/\/ks-solar.com\/management\/wp-content\/uploads\/sites\/5\/2024\/04\/KS-Solar-03-2024-04674-1024x683.webp 1024w, https:\/\/ks-solar.com\/management\/wp-content\/uploads\/sites\/5\/2024\/04\/KS-Solar-03-2024-04674-768x512.webp 768w, https:\/\/ks-solar.com\/management\/wp-content\/uploads\/sites\/5\/2024\/04\/KS-Solar-03-2024-04674-1536x1024.webp 1536w\" sizes=\"(max-width: 2048px) 100vw, 2048px\" \/><\/figure>\n<\/div>\n<\/div>\n<\/div>\n<\/div>\n\n\n\n<div class=\"wp-block-group alignfull has-whispering-white-background-color has-background has-global-padding is-layout-constrained wp-block-group-is-layout-constrained\" style=\"padding-top:var(--wp--preset--spacing--60);padding-right:var(--wp--preset--spacing--40);padding-bottom:var(--wp--preset--spacing--60);padding-left:var(--wp--preset--spacing--40)\">\n<h2 class=\"wp-block-heading alignwide o-typing-fast has-sunfire-orange-color has-text-color has-link-color wp-elements-a6532e9faf20fd5a882ede96d4b3dc9f\">Unsere Leistungen<\/h2>\n\n\n\n<div class=\"wp-block-media-text alignwide has-media-on-the-right is-stacked-on-mobile is-image-fill has-pristine-white-background-color has-background\" style=\"padding-top:0;padding-bottom:0\"><div class=\"wp-block-media-text__content\">\n<div class=\"wp-block-group has-global-padding is-layout-constrained wp-container-core-group-is-layout-11 wp-block-group-is-layout-constrained\" style=\"padding-top:var(--wp--preset--spacing--60);padding-bottom:var(--wp--preset--spacing--60)\">\n<div class=\"wp-block-group has-global-padding is-layout-constrained wp-block-group-is-layout-constrained\" style=\"border-bottom-color:var(--wp--preset--color--midnight-shadow);border-bottom-width:1px;padding-top:var(--wp--preset--spacing--30);padding-bottom:var(--wp--preset--spacing--30)\">\n<p class=\"has-midnight-shadow-color has-text-color has-link-color has-large-font-size wp-elements-95aebcc1cfb93c505539b4b1849c0fa4\">\u25b6 Pr\u00fcfung von Standorten hinsichtlich ihrer Eignung<\/p>\n<\/div>\n\n\n\n<div class=\"wp-block-group has-global-padding is-layout-constrained wp-block-group-is-layout-constrained\" style=\"border-bottom-color:var(--wp--preset--color--midnight-shadow);border-bottom-width:1px;padding-top:var(--wp--preset--spacing--30);padding-bottom:var(--wp--preset--spacing--30)\">\n<p class=\"has-midnight-shadow-color has-text-color has-link-color has-large-font-size wp-elements-a96e5622366ed3df8c16eda857f698bc\">\u25b6 Vermittlung von Grundst\u00fccksfl\u00e4chen in ganz Europa&nbsp;<\/p>\n<\/div>\n\n\n\n<div class=\"wp-block-group has-global-padding is-layout-constrained wp-block-group-is-layout-constrained\" style=\"border-bottom-color:var(--wp--preset--color--midnight-shadow);border-bottom-width:1px;padding-top:var(--wp--preset--spacing--30);padding-bottom:var(--wp--preset--spacing--30)\">\n<p class=\"has-midnight-shadow-color has-text-color has-link-color has-large-font-size wp-elements-edf266a2c947b21fb60214478bdf599f\">\u25b6 Planung und \u00dcberwachung des Solarparks bis zur Inbetriebnahme&nbsp;<\/p>\n<\/div>\n\n\n\n<div class=\"wp-block-group has-global-padding is-layout-constrained wp-block-group-is-layout-constrained\" style=\"border-bottom-color:var(--wp--preset--color--midnight-shadow);border-bottom-width:1px;padding-top:var(--wp--preset--spacing--30);padding-bottom:var(--wp--preset--spacing--30)\">\n<p class=\"has-midnight-shadow-color has-text-color has-link-color has-large-font-size wp-elements-78bdd3f79541b6e15398d4c7571bd0e7\">\u25b6 Verhandlung von Netzeinspeisevertr\u00e4gen mit den jeweiligen Energieversorgern&nbsp;<\/p>\n<\/div>\n\n\n\n<div class=\"wp-block-group has-global-padding is-layout-constrained wp-block-group-is-layout-constrained\" style=\"border-bottom-color:var(--wp--preset--color--midnight-shadow);border-bottom-width:1px;padding-top:var(--wp--preset--spacing--30);padding-bottom:var(--wp--preset--spacing--30)\">\n<p class=\"has-midnight-shadow-color has-text-color has-link-color has-large-font-size wp-elements-eae278bd3929cb59fcaef43952c9bc66\">\u25b6 Durchf\u00fchrung der finalen Abnahmepr\u00fcfungen&nbsp;&nbsp;<\/p>\n<\/div>\n\n\n\n<div class=\"wp-block-group has-global-padding is-layout-constrained wp-block-group-is-layout-constrained\" style=\"padding-top:var(--wp--preset--spacing--30);padding-bottom:0\">\n<p class=\"has-midnight-shadow-color has-text-color has-link-color has-large-font-size wp-elements-7b26c739202987192f4be3ccf08a8298\">\u25b6 Betriebsf\u00fchrung und Wartung \u00fcber die gesamte Einspeisedauer&nbsp;&nbsp;<\/p>\n<\/div>\n<\/div>\n<\/div><figure class=\"wp-block-media-text__media\" style=\"background-image:url(https:\/\/ks-solar.com\/management\/wp-content\/uploads\/sites\/5\/2024\/04\/KS-Solar-03-2024-04628-1024x683.webp);background-position:50% 50%\"><img loading=\"lazy\" decoding=\"async\" width=\"1024\" height=\"683\" src=\"https:\/\/ks-solar.com\/management\/wp-content\/uploads\/sites\/5\/2024\/04\/KS-Solar-03-2024-04628-1024x683.webp\" alt=\"\" class=\"wp-image-171 size-full\" srcset=\"https:\/\/ks-solar.com\/management\/wp-content\/uploads\/sites\/5\/2024\/04\/KS-Solar-03-2024-04628-1024x683.webp 1024w, https:\/\/ks-solar.com\/management\/wp-content\/uploads\/sites\/5\/2024\/04\/KS-Solar-03-2024-04628-300x200.webp 300w, https:\/\/ks-solar.com\/management\/wp-content\/uploads\/sites\/5\/2024\/04\/KS-Solar-03-2024-04628-768x512.webp 768w, https:\/\/ks-solar.com\/management\/wp-content\/uploads\/sites\/5\/2024\/04\/KS-Solar-03-2024-04628-1536x1024.webp 1536w, https:\/\/ks-solar.com\/management\/wp-content\/uploads\/sites\/5\/2024\/04\/KS-Solar-03-2024-04628.webp 2048w\" sizes=\"(max-width: 1024px) 100vw, 1024px\" \/><\/figure><\/div>\n<\/div>\n\n\n\n<div class=\"wp-block-group alignwide has-global-padding is-layout-constrained wp-block-group-is-layout-constrained\" style=\"padding-top:var(--wp--preset--spacing--60);padding-right:var(--wp--preset--spacing--40);padding-bottom:var(--wp--preset--spacing--60);padding-left:var(--wp--preset--spacing--40)\">\n<div class=\"wp-block-columns alignwide is-layout-flex wp-container-core-columns-is-layout-3 wp-block-columns-is-layout-flex\">\n<div class=\"wp-block-column is-layout-flow wp-block-column-is-layout-flow\">\n<figure class=\"wp-block-image size-full animated slideInLeft\"><img loading=\"lazy\" decoding=\"async\" width=\"2400\" height=\"1601\" src=\"https:\/\/ks-solar.com\/management\/wp-content\/uploads\/sites\/5\/2024\/03\/markus-spiske-mXgh6CL-j-0-unsplash.webp\" alt=\"\" class=\"wp-image-42\" style=\"aspect-ratio:4\/3;object-fit:cover\" srcset=\"https:\/\/ks-solar.com\/management\/wp-content\/uploads\/sites\/5\/2024\/03\/markus-spiske-mXgh6CL-j-0-unsplash.webp 2400w, https:\/\/ks-solar.com\/management\/wp-content\/uploads\/sites\/5\/2024\/03\/markus-spiske-mXgh6CL-j-0-unsplash-300x200.webp 300w, https:\/\/ks-solar.com\/management\/wp-content\/uploads\/sites\/5\/2024\/03\/markus-spiske-mXgh6CL-j-0-unsplash-1024x683.webp 1024w, https:\/\/ks-solar.com\/management\/wp-content\/uploads\/sites\/5\/2024\/03\/markus-spiske-mXgh6CL-j-0-unsplash-768x512.webp 768w, https:\/\/ks-solar.com\/management\/wp-content\/uploads\/sites\/5\/2024\/03\/markus-spiske-mXgh6CL-j-0-unsplash-1536x1025.webp 1536w, https:\/\/ks-solar.com\/management\/wp-content\/uploads\/sites\/5\/2024\/03\/markus-spiske-mXgh6CL-j-0-unsplash-2048x1366.webp 2048w\" sizes=\"(max-width: 2400px) 100vw, 2400px\" \/><\/figure>\n<\/div>\n\n\n\n<div class=\"wp-block-column is-vertically-aligned-center is-layout-flow wp-block-column-is-layout-flow\">\n<div class=\"wp-block-group has-global-padding is-layout-constrained wp-block-group-is-layout-constrained\">\n<h2 class=\"wp-block-heading animated slideInRight has-sunfire-orange-color has-text-color has-link-color wp-elements-c79c49ac276bdcc5ddcc6ea223de850f\">Repowering<\/h2>\n\n\n\n<p class=\"animated slideInRight\">Unsere Firma ist stolz darauf, Repowering-L\u00f6sungen f\u00fcr Photovoltaikanlagen sowohl auf nationaler als auch internationaler Ebene anzubieten und erfolgreich umgesetzt zu haben. Durch unsere Fachkenntnisse und Erfahrung haben wir dazu beigetragen, bestehende Anlagen zu modernisieren und ihre Leistung zu optimieren.&nbsp;<br>Abgeschlossene Projekte: Formentera, Huescar, Arta, Ammendorf &amp; Wegeleben<\/p>\n\n\n\n<div class=\"wp-block-group has-global-padding is-layout-constrained wp-container-core-group-is-layout-13 wp-block-group-is-layout-constrained\">\n<p>Repowering L\u00f6sungen:<\/p>\n\n\n\n<ul>\n<li>Repowering von einzelnen Photovoltaik-Komponenten<\/li>\n\n\n\n<li>Repowering von kompletten Bestandsanlagen<\/li>\n<\/ul>\n<\/div>\n<\/div>\n<\/div>\n<\/div>\n<\/div>\n\n\n\n<div class=\"wp-block-group alignwide has-global-padding is-layout-constrained wp-block-group-is-layout-constrained\" style=\"padding-top:var(--wp--preset--spacing--60);padding-right:var(--wp--preset--spacing--40);padding-bottom:var(--wp--preset--spacing--60);padding-left:var(--wp--preset--spacing--40)\">\n<div class=\"wp-block-columns alignwide is-layout-flex wp-container-core-columns-is-layout-4 wp-block-columns-is-layout-flex\">\n<div class=\"wp-block-column is-vertically-aligned-center is-layout-flow wp-block-column-is-layout-flow\">\n<div class=\"wp-block-group animated slideInLeft has-global-padding is-layout-constrained wp-block-group-is-layout-constrained\">\n<h2 class=\"wp-block-heading animated slideInRight has-sunfire-orange-color has-text-color has-link-color wp-elements-0bd90d9d27edf305d8dfb76aa89e36f2\">Vermittlung von Finanzierungen<\/h2>\n\n\n\n<p class=\"animated slideInRight\">Die Vermittlung von Finanzierungen und die Unterst\u00fctzung bei der Finanzierung von Photovoltaikanlagen sind entscheidend f\u00fcr den Ausbau erneuerbarer Energien. Sie erm\u00f6glichen es Privatpersonen, Unternehmen und Gemeinden, ihren Beitrag zum Umweltschutz zu leisten, Energiekosten zu senken und die Wirtschaft anzukurbeln.<\/p>\n<\/div>\n<\/div>\n\n\n\n<div class=\"wp-block-column is-layout-flow wp-block-column-is-layout-flow\">\n<figure class=\"wp-block-image size-full animated slideInRight\"><img loading=\"lazy\" decoding=\"async\" width=\"2048\" height=\"1365\" src=\"https:\/\/ks-solar.com\/management\/wp-content\/uploads\/sites\/5\/2024\/04\/KS-Solar-03-2024-04641.webp\" alt=\"\" class=\"wp-image-172\" style=\"aspect-ratio:4\/3;object-fit:cover\" srcset=\"https:\/\/ks-solar.com\/management\/wp-content\/uploads\/sites\/5\/2024\/04\/KS-Solar-03-2024-04641.webp 2048w, https:\/\/ks-solar.com\/management\/wp-content\/uploads\/sites\/5\/2024\/04\/KS-Solar-03-2024-04641-300x200.webp 300w, https:\/\/ks-solar.com\/management\/wp-content\/uploads\/sites\/5\/2024\/04\/KS-Solar-03-2024-04641-1024x683.webp 1024w, https:\/\/ks-solar.com\/management\/wp-content\/uploads\/sites\/5\/2024\/04\/KS-Solar-03-2024-04641-768x512.webp 768w, https:\/\/ks-solar.com\/management\/wp-content\/uploads\/sites\/5\/2024\/04\/KS-Solar-03-2024-04641-1536x1024.webp 1536w\" sizes=\"(max-width: 2048px) 100vw, 2048px\" \/><\/figure>\n<\/div>\n<\/div>\n<\/div>\n<\/div>\n","protected":false},"excerpt":{"rendered":"<p>Leistungen der KS Management GmbH&nbsp; Im Gegensatz zu reinen Solarfachbetrieben, die meist kleinere Anlagen installieren und die entsprechenden Komponenten von Gro\u00dfh\u00e4ndlern beziehen, realisiert die KS Management GmbH haupts\u00e4chlich mehrere Megawatt starke Freifeldprojekte und gr\u00f6\u00dfere gewerbliche Aufdachanlagen, f\u00fcr welche wir unsere Produkte direkt von den Herstellern beziehen.&nbsp; Wir planen und projektieren gemeinsam mit unserem regional ans\u00e4ssigen [&hellip;]<\/p>\n","protected":false},"author":2,"featured_media":0,"parent":0,"menu_order":0,"comment_status":"closed","ping_status":"closed","template":"","meta":{"footnotes":""},"_links":{"self":[{"href":"https:\/\/ks-solar.com\/management\/wp-json\/wp\/v2\/pages\/59"}],"collection":[{"href":"https:\/\/ks-solar.com\/management\/wp-json\/wp\/v2\/pages"}],"about":[{"href":"https:\/\/ks-solar.com\/management\/wp-json\/wp\/v2\/types\/page"}],"author":[{"embeddable":true,"href":"https:\/\/ks-solar.com\/management\/wp-json\/wp\/v2\/users\/2"}],"replies":[{"embeddable":true,"href":"https:\/\/ks-solar.com\/management\/wp-json\/wp\/v2\/comments?post=59"}],"version-history":[{"count":20,"href":"https:\/\/ks-solar.com\/management\/wp-json\/wp\/v2\/pages\/59\/revisions"}],"predecessor-version":[{"id":518,"href":"https:\/\/ks-solar.com\/management\/wp-json\/wp\/v2\/pages\/59\/revisions\/518"}],"wp:attachment":[{"href":"https:\/\/ks-solar.com\/management\/wp-json\/wp\/v2\/media?parent=59"}],"curies":[{"name":"wp","href":"https:\/\/api.w.org\/{rel}","templated":true}]}}