{"id":68,"date":"2024-03-13T12:01:16","date_gmt":"2024-03-13T11:01:16","guid":{"rendered":"http:\/\/52.59.3.57.nip.io\/management\/?page_id=68"},"modified":"2024-04-03T16:31:36","modified_gmt":"2024-04-03T14:31:36","slug":"projekte","status":"publish","type":"page","link":"https:\/\/ks-solar.com\/management\/projekte\/","title":{"rendered":"Projekte"},"content":{"rendered":"\n<div class=\"wp-block-group alignwide has-global-padding is-layout-constrained wp-block-group-is-layout-constrained\" style=\"padding-top:var(--wp--preset--spacing--60);padding-bottom:var(--wp--preset--spacing--60)\">\n<div class=\"wp-block-columns alignwide is-layout-flex wp-container-core-columns-is-layout-1 wp-block-columns-is-layout-flex\">\n<div class=\"wp-block-column is-vertically-aligned-center is-layout-flow wp-block-column-is-layout-flow\">\n<div class=\"wp-block-group has-global-padding is-layout-constrained wp-block-group-is-layout-constrained\">\n<h2 class=\"wp-block-heading animated slideInLeft has-sunfire-orange-color has-text-color has-link-color wp-elements-1883950aa269f4db2ad106e1eca431fb\">Projekte<\/h2>\n\n\n\n<p class=\"animated slideInLeft\">Entdecken Sie die Erfolgsgeschichten unserer Photovoltaikanlagen: Von innovativen Freifl\u00e4chenprojekten bis hin zu ma\u00dfgeschneiderten gewerblichen Aufdachanlagen. Tauchen Sie ein in die Welt der erneuerbaren Energien und lassen Sie sich von unseren realisierten Projekten inspirieren. Erfahren Sie, wie wir gemeinsam mit unseren Partnern und Kunden den \u00dcbergang zu einer nachhaltigen Energiezukunft gestalten.<\/p>\n<\/div>\n<\/div>\n\n\n\n<div class=\"wp-block-column is-layout-flow wp-block-column-is-layout-flow\">\n<figure class=\"wp-block-image size-full animated slideInRight\"><img loading=\"lazy\" decoding=\"async\" width=\"2048\" height=\"1365\" src=\"http:\/\/52.59.3.57.nip.io\/management\/wp-content\/uploads\/sites\/5\/2024\/04\/KS-Solar-03-2024-04628.webp\" alt=\"\" class=\"wp-image-171\" style=\"aspect-ratio:4\/3;object-fit:cover\" srcset=\"https:\/\/ks-solar.com\/management\/wp-content\/uploads\/sites\/5\/2024\/04\/KS-Solar-03-2024-04628.webp 2048w, https:\/\/ks-solar.com\/management\/wp-content\/uploads\/sites\/5\/2024\/04\/KS-Solar-03-2024-04628-300x200.webp 300w, https:\/\/ks-solar.com\/management\/wp-content\/uploads\/sites\/5\/2024\/04\/KS-Solar-03-2024-04628-1024x683.webp 1024w, https:\/\/ks-solar.com\/management\/wp-content\/uploads\/sites\/5\/2024\/04\/KS-Solar-03-2024-04628-768x512.webp 768w, https:\/\/ks-solar.com\/management\/wp-content\/uploads\/sites\/5\/2024\/04\/KS-Solar-03-2024-04628-1536x1024.webp 1536w\" sizes=\"(max-width: 2048px) 100vw, 2048px\" \/><\/figure>\n<\/div>\n<\/div>\n\n\n\n<div class=\"wp-block-group alignwide has-global-padding is-layout-constrained wp-block-group-is-layout-constrained\" style=\"padding-top:var(--wp--preset--spacing--60);padding-bottom:var(--wp--preset--spacing--60)\">\n<h2 class=\"wp-block-heading alignwide o-typing-fast has-sunfire-orange-color has-text-color has-link-color wp-elements-aebf409cc799d4a2b76b956b296068ce\">Die Entwicklungsphasen Ihres Photovoltaikprojekts<\/h2>\n\n\n\n<div class=\"wp-block-bd-bullet-list alignwide\">\n<div class=\"wp-block-group is-layout-flow wp-container-core-group-is-layout-2 wp-block-group-is-layout-flow\" style=\"padding-right:0;padding-left:0\">\n<p class=\"has-sunfire-orange-color has-text-color has-link-color has-michroma-font-family has-large-font-size wp-elements-7990c9520d297a869bf6c8c1083bbb4b\">Akquise der Freifl\u00e4che<\/p>\n\n\n\n<p>Die Akquise bildet den grundlegenden Schritt, um den Projekterfolg durch eine strategische Platzierung der Anlagen sicherzustellen. Wir nutzen umfassende Standortanalysen und pr\u00fcfen rechtliche Rahmenbedingungen, um optimale Standorte zu identifizieren und zu sichern.&nbsp;<\/p>\n<\/div>\n\n\n\n<div class=\"wp-block-group is-layout-flow wp-container-core-group-is-layout-3 wp-block-group-is-layout-flow\" style=\"margin-top:var(--wp--preset--spacing--60);padding-right:0;padding-left:0\">\n<p class=\"has-sunfire-orange-color has-text-color has-link-color has-michroma-font-family has-large-font-size wp-elements-9f101c21bb9a4099c84325e222e7c916\">Planung oder Konzeptionierung<\/p>\n\n\n\n<p>In diesem Stadium erfolgt eine detaillierte Planung der Photovoltaikanlage, wobei technische und \u00f6konomische Aspekte ber\u00fccksichtigt werden. Die Konzeptionierung beinhaltet die Auswahl der geeigneten Technologien, Positionierung der Module und Dimensionierung der Anlage, um eine optimale Leistung zu gew\u00e4hrleisten. Durch enge Zusammenarbeit mit Ingenieuren und Experten wird eine umfassende Planungsgrundlage geschaffen, die den reibungslosen Fortschritt des Projekts unterst\u00fctzt.&nbsp;<\/p>\n<\/div>\n\n\n\n<div class=\"wp-block-group is-layout-flow wp-container-core-group-is-layout-4 wp-block-group-is-layout-flow\" style=\"margin-top:var(--wp--preset--spacing--60);padding-right:0;padding-left:0\">\n<p class=\"has-sunfire-orange-color has-text-color has-link-color has-michroma-font-family has-large-font-size wp-elements-340e861bab843d2518039683361a2254\">Realisierung und Projektierung<\/p>\n\n\n\n<p>W\u00e4hrend dieses Abschnitts erfolgt die Umsetzung der geplanten Photovoltaikanlage, einschlie\u00dflich der Installation von Modulen, Montagestrukturen und Verkabelungen.&nbsp;<\/p>\n\n\n\n<p>Projektierung umfasst die Koordination aller Aktivit\u00e4ten, Sicherstellung von Qualit\u00e4tsstandards und die effiziente Nutzung der Ressourcen. Die CWF GmbH mit Sitz in Niedernhall engagiert ein gro\u00dfes Team von Fachleuten und sorgt f\u00fcr die erfolgreiche Umsetzung gem\u00e4\u00df den festgelegten Spezifikationen.&nbsp;<\/p>\n<\/div>\n\n\n\n<div class=\"wp-block-group is-layout-flow wp-container-core-group-is-layout-5 wp-block-group-is-layout-flow\" style=\"margin-top:var(--wp--preset--spacing--60);padding-right:0;padding-left:0\">\n<p class=\"has-sunfire-orange-color has-text-color has-link-color has-michroma-font-family has-large-font-size wp-elements-b7951c46151053f6b37b3d34f0c6fc87\">Fertigstellung<\/p>\n\n\n\n<p>Nach Abschluss der Bauphase erfolgt die sorgf\u00e4ltige Qualit\u00e4tspr\u00fcfung aller Anlagenkomponenten und Funktionen, um die Einhaltung der Qualit\u00e4tsstandards sicherzustellen. Zugleich umfasst die Fertigstellung auch die Vorbereitung der Solaranlage f\u00fcr die Inbetriebnahme, einschlie\u00dflich aller notwendigen Messungen und Tests f\u00fcr das Abnahmeverfahren.&nbsp;<\/p>\n<\/div>\n\n\n\n<div class=\"wp-block-group is-layout-flow wp-container-core-group-is-layout-6 wp-block-group-is-layout-flow\" style=\"margin-top:var(--wp--preset--spacing--60);padding-right:0;padding-left:0\">\n<p class=\"has-sunfire-orange-color has-text-color has-link-color has-michroma-font-family has-large-font-size wp-elements-1b8ac530e32343f3b01a4869e34d6ed3\">Beteiligungsm\u00f6glichkeiten<\/p>\n\n\n\n<p>B\u00fcrgerbeteiligungen bei Photovoltaikanlagen bieten Gemeinschaften die M\u00f6glichkeit, aktiv an der nachhaltigen Energieerzeugung teilzuhaben. Durch Investitionen in solche Projekte k\u00f6nnen B\u00fcrger nicht nur zur Energiewende beitragen, sondern auch \u00f6konomische Vorteile nutzen und ein Bewusstsein f\u00fcr erneuerbare Energien in ihrer Region schaffen.&nbsp;<\/p>\n<\/div>\n\n\n\n<div class=\"wp-block-group is-layout-flow wp-container-core-group-is-layout-7 wp-block-group-is-layout-flow\" style=\"margin-top:var(--wp--preset--spacing--60);padding-right:0;padding-left:0\">\n<p class=\"has-sunfire-orange-color has-text-color has-link-color has-michroma-font-family has-large-font-size wp-elements-f42d7121c6386755f4ea2fe9db6aa4b9\">Inbetriebnahme<\/p>\n\n\n\n<p>Die Inbetriebnahme markiert den offiziellen Start der Photovoltaikanlage, wobei s\u00e4mtliche Systeme auf ihre korrekte Funktion \u00fcberpr\u00fcft werden. Ein Team von Fachleuten \u00fcberwacht den Prozess und gew\u00e4hrleistet einen reibungslosen \u00dcbergang von der Bauphase zur aktiven Energieerzeugung. W\u00e4hrend dieser Phase steht die Optimierung der Leistungsf\u00e4higkeit im Vordergrund, um langfristige Ertr\u00e4ge zu maximieren.&nbsp;<\/p>\n<\/div>\n\n\n\n<div class=\"wp-block-group is-layout-flow wp-container-core-group-is-layout-8 wp-block-group-is-layout-flow\" style=\"margin-top:var(--wp--preset--spacing--60);padding-right:0;padding-left:0\">\n<p class=\"has-sunfire-orange-color has-text-color has-link-color has-michroma-font-family has-large-font-size wp-elements-131728cfaf2e4e0dab569aaf01eeabeb\">R\u00fcckbau<\/p>\n\n\n\n<p>Der R\u00fcckbauabschnitt beinhaltet die ordnungsgem\u00e4\u00dfe Demontage der Photovoltaikanlage am Ende ihrer Lebensdauer. Unter Einhaltung umweltfreundlicher Entsorgungsverfahren werden die einzelnen Komponenten fachgerecht demontiert und recycelt. Diese Phase unterstreicht unser Engagement f\u00fcr umweltbewusste Praktiken und schlie\u00dft den Kreislauf der nachhaltigen Energieproduktion.&nbsp;<\/p>\n<\/div>\n<\/div>\n<\/div>\n<\/div>\n","protected":false},"excerpt":{"rendered":"<p>Projekte Entdecken Sie die Erfolgsgeschichten unserer Photovoltaikanlagen: Von innovativen Freifl\u00e4chenprojekten bis hin zu ma\u00dfgeschneiderten gewerblichen Aufdachanlagen. Tauchen Sie ein in die Welt der erneuerbaren Energien und lassen Sie sich von unseren realisierten Projekten inspirieren. Erfahren Sie, wie wir gemeinsam mit unseren Partnern und Kunden den \u00dcbergang zu einer nachhaltigen Energiezukunft gestalten. Die Entwicklungsphasen Ihres Photovoltaikprojekts<\/p>\n","protected":false},"author":2,"featured_media":0,"parent":0,"menu_order":0,"comment_status":"closed","ping_status":"closed","template":"","meta":{"footnotes":""},"_links":{"self":[{"href":"https:\/\/ks-solar.com\/management\/wp-json\/wp\/v2\/pages\/68"}],"collection":[{"href":"https:\/\/ks-solar.com\/management\/wp-json\/wp\/v2\/pages"}],"about":[{"href":"https:\/\/ks-solar.com\/management\/wp-json\/wp\/v2\/types\/page"}],"author":[{"embeddable":true,"href":"https:\/\/ks-solar.com\/management\/wp-json\/wp\/v2\/users\/2"}],"replies":[{"embeddable":true,"href":"https:\/\/ks-solar.com\/management\/wp-json\/wp\/v2\/comments?post=68"}],"version-history":[{"count":4,"href":"https:\/\/ks-solar.com\/management\/wp-json\/wp\/v2\/pages\/68\/revisions"}],"predecessor-version":[{"id":176,"href":"https:\/\/ks-solar.com\/management\/wp-json\/wp\/v2\/pages\/68\/revisions\/176"}],"wp:attachment":[{"href":"https:\/\/ks-solar.com\/management\/wp-json\/wp\/v2\/media?parent=68"}],"curies":[{"name":"wp","href":"https:\/\/api.w.org\/{rel}","templated":true}]}}