{"id":8,"date":"2024-03-13T11:37:01","date_gmt":"2024-03-13T10:37:01","guid":{"rendered":"http:\/\/52.59.3.57.nip.io\/management\/?page_id=8"},"modified":"2024-04-19T17:35:18","modified_gmt":"2024-04-19T15:35:18","slug":"firmenhistorie","status":"publish","type":"page","link":"https:\/\/ks-solar.com\/management\/firmenhistorie\/","title":{"rendered":"Firmenhistorie"},"content":{"rendered":"\n<div class=\"wp-block-group alignwide has-global-padding is-layout-constrained wp-block-group-is-layout-constrained\" style=\"padding-top:var(--wp--preset--spacing--60);padding-bottom:var(--wp--preset--spacing--60)\">\n<h2 class=\"wp-block-heading alignwide has-sunfire-orange-color has-text-color has-link-color wp-elements-af2678a35a41b395663a69620760dad1\">Langj\u00e4hrige Erfahrung f\u00fcr Ihren Erfolg<\/h2>\n\n\n\n<div class=\"wp-block-bd-bullet-list alignwide\">\n<div class=\"wp-block-group animated fadeIn slower is-layout-flow wp-container-core-group-is-layout-1 wp-block-group-is-layout-flow\" style=\"padding-right:0;padding-left:0\">\n<p class=\"has-sunfire-orange-color has-text-color has-link-color has-michroma-font-family has-large-font-size wp-elements-829302479b685d9cf2aaead7f618bade\">2004<\/p>\n\n\n\n<p>Die KS Management GmbH wurde am 28. September 2004 von den gesch\u00e4ftsf\u00fchrenden Gesellschaftern Edgar <strong>K<\/strong>ern und Alexander <strong>S<\/strong>chumann gegr\u00fcndet. Daher auch der Name <strong>KS<\/strong>. Sechs Monate sp\u00e4ter vervollst\u00e4ndigte Gunter Neumann das Unternehmen. Der Hauptsitz der Gruppe befindet sich in Weikersheim.<\/p>\n<\/div>\n\n\n\n<div class=\"wp-block-group animated fadeIn slower is-layout-flow wp-container-core-group-is-layout-2 wp-block-group-is-layout-flow\" style=\"margin-top:var(--wp--preset--spacing--60);padding-right:0;padding-left:0\">\n<p class=\"has-sunfire-orange-color has-text-color has-link-color has-michroma-font-family has-large-font-size wp-elements-6cb32398d6054fc2467fd4e077c91395\">2008<\/p>\n\n\n\n<p>Aufgrund des wachsenden Photovoltaikmarktes wurde die KS Solar GmbH 2008 aus der KS Management GmbH ausgegliedert und ist seitdem Ansprechpartner f\u00fcr Vertrieb, Planung und Bau von Dachanlagen in Deutschland. Die beiden Unternehmen besch\u00e4ftigen insgesamt neun Mitarbeiter in den Bereichen Planung, Technik, Betriebsf\u00fchrung und Verwaltung.<br>Dar\u00fcber hinaus verf\u00fcgt die KS Management GmbH \u00fcber zwei Tochtergesellschaften in Palma de Mallorca, Spanien: <\/p>\n\n\n\n<p>KS-Direct Mantenimientos S.L. und die KS Management Energ\u00eda Solar S.L. Derzeit sind dort vier Mitarbeiter t\u00e4tig, die in enger Zusammenarbeit mit der Muttergesellschaft Projekte in Spanien betreuen.<\/p>\n<\/div>\n<\/div>\n<\/div>\n","protected":false},"excerpt":{"rendered":"<p>Langj\u00e4hrige Erfahrung f\u00fcr Ihren Erfolg<\/p>\n","protected":false},"author":2,"featured_media":0,"parent":0,"menu_order":0,"comment_status":"closed","ping_status":"closed","template":"","meta":{"footnotes":""},"_links":{"self":[{"href":"https:\/\/ks-solar.com\/management\/wp-json\/wp\/v2\/pages\/8"}],"collection":[{"href":"https:\/\/ks-solar.com\/management\/wp-json\/wp\/v2\/pages"}],"about":[{"href":"https:\/\/ks-solar.com\/management\/wp-json\/wp\/v2\/types\/page"}],"author":[{"embeddable":true,"href":"https:\/\/ks-solar.com\/management\/wp-json\/wp\/v2\/users\/2"}],"replies":[{"embeddable":true,"href":"https:\/\/ks-solar.com\/management\/wp-json\/wp\/v2\/comments?post=8"}],"version-history":[{"count":9,"href":"https:\/\/ks-solar.com\/management\/wp-json\/wp\/v2\/pages\/8\/revisions"}],"predecessor-version":[{"id":348,"href":"https:\/\/ks-solar.com\/management\/wp-json\/wp\/v2\/pages\/8\/revisions\/348"}],"wp:attachment":[{"href":"https:\/\/ks-solar.com\/management\/wp-json\/wp\/v2\/media?parent=8"}],"curies":[{"name":"wp","href":"https:\/\/api.w.org\/{rel}","templated":true}]}}