{"id":56,"date":"2024-03-13T15:56:37","date_gmt":"2024-03-13T14:56:37","guid":{"rendered":"http:\/\/52.59.3.57.nip.io\/solar\/?page_id=56"},"modified":"2024-12-23T09:31:16","modified_gmt":"2024-12-23T08:31:16","slug":"leistungen","status":"publish","type":"page","link":"https:\/\/ks-solar.com\/solar\/leistungen\/","title":{"rendered":"Leistungen"},"content":{"rendered":"\n<div class=\"wp-block-group alignwide has-global-padding is-layout-constrained wp-block-group-is-layout-constrained\" style=\"padding-top:var(--wp--preset--spacing--60);padding-bottom:var(--wp--preset--spacing--60)\">\n<div class=\"wp-block-columns alignwide is-layout-flex wp-container-core-columns-is-layout-1 wp-block-columns-is-layout-flex\">\n<div class=\"wp-block-column is-layout-flow wp-block-column-is-layout-flow\">\n<figure class=\"wp-block-image size-full animated slideInLeft\"><img loading=\"lazy\" decoding=\"async\" width=\"1365\" height=\"2048\" src=\"https:\/\/ks-solar.com\/solar\/wp-content\/uploads\/sites\/7\/2024\/04\/KS-Solar-03-2024-04498-1.webp\" alt=\"\" class=\"wp-image-179\" style=\"aspect-ratio:3\/4;object-fit:cover\" srcset=\"https:\/\/ks-solar.com\/solar\/wp-content\/uploads\/sites\/7\/2024\/04\/KS-Solar-03-2024-04498-1.webp 1365w, https:\/\/ks-solar.com\/solar\/wp-content\/uploads\/sites\/7\/2024\/04\/KS-Solar-03-2024-04498-1-200x300.webp 200w, https:\/\/ks-solar.com\/solar\/wp-content\/uploads\/sites\/7\/2024\/04\/KS-Solar-03-2024-04498-1-683x1024.webp 683w, https:\/\/ks-solar.com\/solar\/wp-content\/uploads\/sites\/7\/2024\/04\/KS-Solar-03-2024-04498-1-768x1152.webp 768w, https:\/\/ks-solar.com\/solar\/wp-content\/uploads\/sites\/7\/2024\/04\/KS-Solar-03-2024-04498-1-1024x1536.webp 1024w\" sizes=\"(max-width: 1365px) 100vw, 1365px\" \/><\/figure>\n<\/div>\n\n\n\n<div class=\"wp-block-column is-vertically-aligned-center is-layout-flow wp-block-column-is-layout-flow\">\n<div class=\"wp-block-group has-global-padding is-layout-constrained wp-block-group-is-layout-constrained\">\n<h2 class=\"wp-block-heading animated slideInRight has-sunfire-orange-color has-text-color has-link-color wp-elements-c28aac6627386f1d92b174fe1132823b\"><strong>Umfassende Photovoltaik-Leistungen: Planung, Realisierung und Betreuung f\u00fcr Europa<\/strong><\/h2>\n\n\n\n<p class=\"animated slideInRight\">Unser Unternehmen plant und realisiert Photovoltaik-Dachanlagen im privaten Bereich in ganz Europa. Wir bieten Ihnen ein Rundum-Sorglos-Paket mit allen erforderlichen Komponenten zur erfolgreichen Inbetriebnahme an. Auch nach der Installation stehen wir Ihnen weiterhin zur Seite. Zudem \u00fcbernehmen wir den R\u00fcckbau oder das Repowering bestehender Anlagen, um \u00e4ltere Systeme durch leistungsst\u00e4rkere und effizientere Technologien zu ersetzen. So k\u00f6nnen Sie als Kunde eine attraktive Kapitalrendite mit nachhaltiger Technologie erwirtschaften.\u00a0<\/p>\n<\/div>\n<\/div>\n<\/div>\n<\/div>\n\n\n\n<div class=\"wp-block-group alignfull has-whispering-white-background-color has-background has-global-padding is-layout-constrained wp-block-group-is-layout-constrained\" style=\"padding-top:var(--wp--preset--spacing--60);padding-right:var(--wp--preset--spacing--40);padding-bottom:var(--wp--preset--spacing--60);padding-left:var(--wp--preset--spacing--40)\">\n<h2 class=\"wp-block-heading alignwide o-typing-fast has-sunfire-orange-color has-text-color has-link-color wp-elements-a6532e9faf20fd5a882ede96d4b3dc9f\">Unsere Leistungen<\/h2>\n\n\n\n<div class=\"wp-block-media-text alignwide has-media-on-the-right is-stacked-on-mobile is-vertically-aligned-center is-image-fill has-pristine-white-background-color has-background\" style=\"padding-top:0;padding-bottom:0\"><div class=\"wp-block-media-text__content\">\n<div class=\"wp-block-group has-global-padding is-layout-constrained wp-container-core-group-is-layout-9 wp-block-group-is-layout-constrained\" style=\"padding-top:var(--wp--preset--spacing--60);padding-bottom:var(--wp--preset--spacing--60)\">\n<div class=\"wp-block-group has-global-padding is-layout-constrained wp-block-group-is-layout-constrained\" style=\"border-bottom-color:var(--wp--preset--color--midnight-shadow);border-bottom-width:1px;padding-top:var(--wp--preset--spacing--30);padding-bottom:var(--wp--preset--spacing--30)\">\n<p class=\"has-midnight-shadow-color has-text-color has-link-color has-large-font-size wp-elements-3e3b4ba86f66474f7a62dcd5ca94a176\">\u25b6 Beratung<\/p>\n<\/div>\n\n\n\n<div class=\"wp-block-group has-global-padding is-layout-constrained wp-block-group-is-layout-constrained\" style=\"border-bottom-color:var(--wp--preset--color--midnight-shadow);border-bottom-width:1px;padding-top:var(--wp--preset--spacing--30);padding-bottom:var(--wp--preset--spacing--30)\">\n<p class=\"has-midnight-shadow-color has-text-color has-link-color has-large-font-size wp-elements-770891f803ccaa89e02c48e708e8697a\">\u25b6 Planung oder Konzeptionierung<\/p>\n<\/div>\n\n\n\n<div class=\"wp-block-group has-global-padding is-layout-constrained wp-block-group-is-layout-constrained\" style=\"border-bottom-color:var(--wp--preset--color--midnight-shadow);border-bottom-width:1px;padding-top:var(--wp--preset--spacing--30);padding-bottom:var(--wp--preset--spacing--30)\">\n<p class=\"has-midnight-shadow-color has-text-color has-link-color has-large-font-size wp-elements-80f6706f60832e699af234259a56a8d8\">\u25b6 Realisierung und Projektierung&nbsp;<\/p>\n<\/div>\n\n\n\n<div class=\"wp-block-group has-global-padding is-layout-constrained wp-block-group-is-layout-constrained\" style=\"border-bottom-color:var(--wp--preset--color--midnight-shadow);border-bottom-width:1px;padding-top:var(--wp--preset--spacing--30);padding-bottom:var(--wp--preset--spacing--30)\">\n<p class=\"has-midnight-shadow-color has-text-color has-link-color has-large-font-size wp-elements-493ed7c8df4bfd86cb5e935c3393ea95\">\u25b6 Fertigstellung<\/p>\n<\/div>\n\n\n\n<div class=\"wp-block-group has-global-padding is-layout-constrained wp-block-group-is-layout-constrained\" style=\"border-bottom-color:var(--wp--preset--color--midnight-shadow);border-bottom-width:1px;padding-top:var(--wp--preset--spacing--30);padding-bottom:var(--wp--preset--spacing--30)\">\n<p class=\"has-midnight-shadow-color has-text-color has-link-color has-large-font-size wp-elements-5145c9777c183b8c04044942820594af\">\u25b6 Inbetriebnahme<\/p>\n<\/div>\n\n\n\n<div class=\"wp-block-group has-global-padding is-layout-constrained wp-block-group-is-layout-constrained\" style=\"padding-top:var(--wp--preset--spacing--30);padding-bottom:var(--wp--preset--spacing--30)\">\n<p class=\"has-midnight-shadow-color has-text-color has-link-color has-large-font-size wp-elements-26f1ff9aa284745a21f98348035395a1\">\u25b6 R\u00fcckbau&nbsp;<\/p>\n<\/div>\n<\/div>\n<\/div><figure class=\"wp-block-media-text__media\" style=\"background-image:url(https:\/\/ks-solar.com\/solar\/wp-content\/uploads\/sites\/7\/2024\/04\/KS-Solar-03-2024-04628-1024x683.webp);background-position:50% 50%\"><img loading=\"lazy\" decoding=\"async\" width=\"1024\" height=\"683\" src=\"https:\/\/ks-solar.com\/solar\/wp-content\/uploads\/sites\/7\/2024\/04\/KS-Solar-03-2024-04628-1024x683.webp\" alt=\"\" class=\"wp-image-129 size-full\" srcset=\"https:\/\/ks-solar.com\/solar\/wp-content\/uploads\/sites\/7\/2024\/04\/KS-Solar-03-2024-04628-1024x683.webp 1024w, https:\/\/ks-solar.com\/solar\/wp-content\/uploads\/sites\/7\/2024\/04\/KS-Solar-03-2024-04628-300x200.webp 300w, https:\/\/ks-solar.com\/solar\/wp-content\/uploads\/sites\/7\/2024\/04\/KS-Solar-03-2024-04628-768x512.webp 768w, https:\/\/ks-solar.com\/solar\/wp-content\/uploads\/sites\/7\/2024\/04\/KS-Solar-03-2024-04628-1536x1024.webp 1536w, https:\/\/ks-solar.com\/solar\/wp-content\/uploads\/sites\/7\/2024\/04\/KS-Solar-03-2024-04628.webp 2048w\" sizes=\"(max-width: 1024px) 100vw, 1024px\" \/><\/figure><\/div>\n<\/div>\n","protected":false},"excerpt":{"rendered":"<p>Umfassende Photovoltaik-Leistungen: Planung, Realisierung und Betreuung f\u00fcr Europa Unser Unternehmen plant und realisiert Photovoltaik-Dachanlagen im privaten Bereich in ganz Europa. Wir bieten Ihnen ein Rundum-Sorglos-Paket mit allen erforderlichen Komponenten zur erfolgreichen Inbetriebnahme an. Auch nach der Installation stehen wir Ihnen weiterhin zur Seite. Zudem \u00fcbernehmen wir den R\u00fcckbau oder das Repowering bestehender Anlagen, um \u00e4ltere [&hellip;]<\/p>\n","protected":false},"author":2,"featured_media":0,"parent":0,"menu_order":0,"comment_status":"closed","ping_status":"closed","template":"","meta":{"footnotes":""},"_links":{"self":[{"href":"https:\/\/ks-solar.com\/solar\/wp-json\/wp\/v2\/pages\/56"}],"collection":[{"href":"https:\/\/ks-solar.com\/solar\/wp-json\/wp\/v2\/pages"}],"about":[{"href":"https:\/\/ks-solar.com\/solar\/wp-json\/wp\/v2\/types\/page"}],"author":[{"embeddable":true,"href":"https:\/\/ks-solar.com\/solar\/wp-json\/wp\/v2\/users\/2"}],"replies":[{"embeddable":true,"href":"https:\/\/ks-solar.com\/solar\/wp-json\/wp\/v2\/comments?post=56"}],"version-history":[{"count":8,"href":"https:\/\/ks-solar.com\/solar\/wp-json\/wp\/v2\/pages\/56\/revisions"}],"predecessor-version":[{"id":283,"href":"https:\/\/ks-solar.com\/solar\/wp-json\/wp\/v2\/pages\/56\/revisions\/283"}],"wp:attachment":[{"href":"https:\/\/ks-solar.com\/solar\/wp-json\/wp\/v2\/media?parent=56"}],"curies":[{"name":"wp","href":"https:\/\/api.w.org\/{rel}","templated":true}]}}