{"id":88,"date":"2024-03-13T16:35:01","date_gmt":"2024-03-13T15:35:01","guid":{"rendered":"http:\/\/52.59.3.57.nip.io\/solar\/?page_id=88"},"modified":"2024-04-05T17:05:52","modified_gmt":"2024-04-05T15:05:52","slug":"solar-informationen","status":"publish","type":"page","link":"https:\/\/ks-solar.com\/solar\/solar-informationen\/","title":{"rendered":"Solar Informationen"},"content":{"rendered":"\n<div class=\"wp-block-group alignwide has-global-padding is-layout-constrained wp-block-group-is-layout-constrained\" style=\"padding-top:var(--wp--preset--spacing--60);padding-bottom:var(--wp--preset--spacing--60)\">\n<div class=\"wp-block-columns alignwide is-layout-flex wp-container-core-columns-is-layout-1 wp-block-columns-is-layout-flex\">\n<div class=\"wp-block-column is-layout-flow wp-block-column-is-layout-flow\">\n<figure class=\"wp-block-image size-full\"><img loading=\"lazy\" decoding=\"async\" width=\"2400\" height=\"1599\" src=\"https:\/\/ks-solar.com\/solar\/wp-content\/uploads\/sites\/7\/2024\/03\/benoit-deschasaux-l050F6hA9xY-unsplash.webp\" alt=\"\" class=\"wp-image-10\" style=\"aspect-ratio:3\/4;object-fit:cover\" srcset=\"https:\/\/ks-solar.com\/solar\/wp-content\/uploads\/sites\/7\/2024\/03\/benoit-deschasaux-l050F6hA9xY-unsplash.webp 2400w, https:\/\/ks-solar.com\/solar\/wp-content\/uploads\/sites\/7\/2024\/03\/benoit-deschasaux-l050F6hA9xY-unsplash-300x200.webp 300w, https:\/\/ks-solar.com\/solar\/wp-content\/uploads\/sites\/7\/2024\/03\/benoit-deschasaux-l050F6hA9xY-unsplash-1024x682.webp 1024w, https:\/\/ks-solar.com\/solar\/wp-content\/uploads\/sites\/7\/2024\/03\/benoit-deschasaux-l050F6hA9xY-unsplash-768x512.webp 768w, https:\/\/ks-solar.com\/solar\/wp-content\/uploads\/sites\/7\/2024\/03\/benoit-deschasaux-l050F6hA9xY-unsplash-1536x1023.webp 1536w, https:\/\/ks-solar.com\/solar\/wp-content\/uploads\/sites\/7\/2024\/03\/benoit-deschasaux-l050F6hA9xY-unsplash-2048x1364.webp 2048w\" sizes=\"(max-width: 2400px) 100vw, 2400px\" \/><\/figure>\n<\/div>\n\n\n\n<div class=\"wp-block-column is-vertically-aligned-center is-layout-flow wp-block-column-is-layout-flow\">\n<div class=\"wp-block-group has-global-padding is-layout-constrained wp-block-group-is-layout-constrained\">\n<h2 class=\"wp-block-heading has-sunfire-orange-color has-text-color has-link-color wp-elements-c008d3ceb73190b2d72c8fe3708cb768\">Sonnenkraft nutzen: Wie Photovoltaikanlagen saubere Energie erzeugen<\/h2>\n\n\n\n<p>Eine Photovoltaikanlage wandelt mithilfe von Solarzellen, die aus Halbleitermaterialien bestehen, das einfallende Sonnenlicht in elektrische Energie um. Dies geschieht durch den photoelektrischen Effekt, bei dem Photonen des Lichts Elektronen in den Solarzellen anregen und freisetzen, wodurch ein elektrischer Strom erzeugt wird. Dieser Gleichstrom wird durch einen Wechselrichter in den haushalts\u00fcblichen Wechselstrom umgewandelt, der dann entweder lokal genutzt oder in das \u00f6ffentliche Stromnetz eingespeist wird. Diese Funktionsweise erm\u00f6glicht die kontinuierliche Erzeugung von sauberer und erneuerbarer Energie aus Sonnenlicht.&nbsp;<\/p>\n<\/div>\n<\/div>\n<\/div>\n<\/div>\n\n\n\n<div class=\"wp-block-group alignwide has-global-padding is-layout-constrained wp-block-group-is-layout-constrained\" style=\"padding-top:var(--wp--preset--spacing--60);padding-bottom:var(--wp--preset--spacing--60)\">\n<div class=\"wp-block-columns alignwide is-layout-flex wp-container-core-columns-is-layout-2 wp-block-columns-is-layout-flex\">\n<div class=\"wp-block-column is-vertically-aligned-center is-layout-flow wp-block-column-is-layout-flow\">\n<div class=\"wp-block-group has-global-padding is-layout-constrained wp-block-group-is-layout-constrained\">\n<h2 class=\"wp-block-heading has-sunfire-orange-color has-text-color has-link-color wp-elements-848c9322cab110f7fe976d2d9569747a\">Von fossilen zu erneuerbaren Energien: Ein dringender Schritt f\u00fcr Klima und Gesundheit<\/h2>\n\n\n\n<p>Der Einsatz fossiler Brennstoffe wie Kohle, \u00d6l und Gas f\u00fchrt durch ihre Verbrennung zur Freisetzung von Treibhausgasen, Luftverschmutzung und Umweltsch\u00e4den. Dies tr\u00e4gt ma\u00dfgeblich zum Klimawandel und Gesundheitsproblemen bei. Eine dringende Umstellung auf erneuerbare Energiequellen ist n\u00f6tig, um diese negativen Auswirkungen zu mindern und eine nachhaltigere Energieversorgung zu gew\u00e4hrleisten.&nbsp;<\/p>\n<\/div>\n<\/div>\n\n\n\n<div class=\"wp-block-column is-layout-flow wp-block-column-is-layout-flow\">\n<figure class=\"wp-block-image size-full\"><img loading=\"lazy\" decoding=\"async\" width=\"2400\" height=\"1797\" src=\"https:\/\/ks-solar.com\/solar\/wp-content\/uploads\/sites\/7\/2024\/03\/kristaps-ungurs-D3FAKIo5cV4-unsplash.webp\" alt=\"\" class=\"wp-image-32\" style=\"aspect-ratio:4\/3;object-fit:cover\" srcset=\"https:\/\/ks-solar.com\/solar\/wp-content\/uploads\/sites\/7\/2024\/03\/kristaps-ungurs-D3FAKIo5cV4-unsplash.webp 2400w, https:\/\/ks-solar.com\/solar\/wp-content\/uploads\/sites\/7\/2024\/03\/kristaps-ungurs-D3FAKIo5cV4-unsplash-300x225.webp 300w, https:\/\/ks-solar.com\/solar\/wp-content\/uploads\/sites\/7\/2024\/03\/kristaps-ungurs-D3FAKIo5cV4-unsplash-1024x767.webp 1024w, https:\/\/ks-solar.com\/solar\/wp-content\/uploads\/sites\/7\/2024\/03\/kristaps-ungurs-D3FAKIo5cV4-unsplash-768x575.webp 768w, https:\/\/ks-solar.com\/solar\/wp-content\/uploads\/sites\/7\/2024\/03\/kristaps-ungurs-D3FAKIo5cV4-unsplash-1536x1150.webp 1536w, https:\/\/ks-solar.com\/solar\/wp-content\/uploads\/sites\/7\/2024\/03\/kristaps-ungurs-D3FAKIo5cV4-unsplash-2048x1533.webp 2048w\" sizes=\"(max-width: 2400px) 100vw, 2400px\" \/><\/figure>\n<\/div>\n<\/div>\n<\/div>\n\n\n\n<div class=\"wp-block-group alignfull has-whispering-white-background-color has-background has-global-padding is-layout-constrained wp-block-group-is-layout-constrained\" style=\"padding-top:var(--wp--preset--spacing--60);padding-bottom:var(--wp--preset--spacing--60)\">\n<h2 class=\"wp-block-heading alignwide has-sunfire-orange-color has-text-color has-link-color wp-elements-417b65fc7ef6c59d8bb028f1bcc8f52b\">Komponenten einer Photovoltaikanlage<\/h2>\n\n\n\n<div class=\"wp-block-media-text alignwide has-media-on-the-right is-stacked-on-mobile is-image-fill has-pristine-white-background-color has-background\" style=\"padding-top:0;padding-bottom:0;grid-template-columns:auto 37%\"><div class=\"wp-block-media-text__content\">\n<div class=\"wp-block-group has-global-padding is-layout-constrained wp-container-core-group-is-layout-5 wp-block-group-is-layout-constrained\" style=\"padding-top:var(--wp--preset--spacing--60);padding-bottom:var(--wp--preset--spacing--60)\">\n<details class=\"wp-block-details is-layout-flow wp-block-details-is-layout-flow\"><summary>PV-Module<\/summary>\n<p class=\"has-small-font-size\">Ein Photovoltaik-Modul ist eine Einheit, die aus miteinander verbundenen Solarzellen besteht und Sonnenlicht in elektrische Energie umwandelt. Diese Module sind \u00fcblicherweise in rechteckigen Paneelen angeordnet und werden auf D\u00e4chern, Freifl\u00e4chen oder anderen geeigneten Standorten installiert, um erneuerbare Energie zu erzeugen.&nbsp;<\/p>\n<\/details>\n\n\n\n<details class=\"wp-block-details is-layout-flow wp-block-details-is-layout-flow\"><summary>Wechselrichter&nbsp;<\/summary>\n<p class=\"has-small-font-size\">Der Wechselrichter ist von grundlegender Bedeutung innerhalb einer Photovoltaikanlage, da er die von den Solarmodulen erzeugte Gleichspannung in f\u00fcr das Stromnetz passenden Wechselstrom umwandelt. Diese umgewandelte Energie kann entweder direkt im Haushalt genutzt oder ins \u00f6ffentliche Stromnetz eingespeist werden. Der Wechselrichter ist ma\u00dfgeblich daf\u00fcr verantwortlich, die erzeugte Solarenergie so zu adaptieren, dass sie f\u00fcr den t\u00e4glichen Energiebedarf oder f\u00fcr die Einspeisung ins Stromnetz nutzbar wird.&nbsp;<\/p>\n<\/details>\n\n\n\n<details class=\"wp-block-details is-layout-flow wp-block-details-is-layout-flow\"><summary>Unterkonstruktion&nbsp;<\/summary>\n<p class=\"has-small-font-size\">Die Unterkonstruktion einer Photovoltaikanlage bildet das stabile Ger\u00fcst, das die Solarmodule tr\u00e4gt und positioniert. Typischerweise aus Aluminium oder Stahl gefertigt, wird sie an D\u00e4chern, Freifl\u00e4chen oder anderen geeigneten Standorten installiert. Ihre Hauptfunktion besteht darin, die Solarmodule sicher zu st\u00fctzen und ihnen die optimale Ausrichtung zur Sonne zu erm\u00f6glichen, um die Energieerzeugung zu maximieren.&nbsp;<\/p>\n<\/details>\n\n\n\n<details class=\"wp-block-details is-layout-flow wp-block-details-is-layout-flow\"><summary>Kabel<\/summary>\n<p class=\"has-small-font-size\">Die DC-Kabel in einer Photovoltaikanlage \u00fcbertragen den erzeugten Gleichstrom von den Solarmodulen zum Wechselrichter, wo dieser in Wechselstrom umgewandelt wird. Die AC-Kabel transportieren dann den umgewandelten Wechselstrom vom Wechselrichter entweder zum lokalen Verbrauchsort oder zur Einspeisung ins Stromnetz. Diese Kabel spielen eine entscheidende Rolle bei der \u00dcbertragung und Verteilung der erzeugten Energie.&nbsp;<\/p>\n<\/details>\n\n\n\n<details class=\"wp-block-details is-layout-flow wp-block-details-is-layout-flow\"><summary>Transformator (Trafo)&nbsp;<\/summary>\n<p class=\"has-small-font-size\">Der Transformator in einer Photovoltaikanlage ist ein elektrisches Ger\u00e4t, das die Spannung des erzeugten Wechselstroms anpasst. Er transformiert die Spannungsebene des von den Wechselrichtern erzeugten Stroms auf die erforderliche Ebene f\u00fcr den lokalen Verbrauch oder die Einspeisung ins Stromnetz. Diese Anpassung der Spannung ist essenziell, um eine effiziente und sichere \u00dcbertragung sowie Nutzung des erzeugten Stroms zu gew\u00e4hrleisten.&nbsp;<\/p>\n<\/details>\n\n\n\n<details class=\"wp-block-details is-layout-flow wp-block-details-is-layout-flow\"><summary>\u00dcbergabestation&nbsp;<\/summary>\n<p class=\"has-small-font-size\">Die \u00dcbergabestation einer Photovoltaikanlage fungiert als Schnittstelle zwischen der erzeugten Energie und dem Stromnetz. Ihre Hauptaufgabe besteht darin, den erzeugten Strom zu kontrollieren, zu \u00fcberwachen und gem\u00e4\u00df den Netzvorgaben einzuspeisen. Dabei gew\u00e4hrleistet sie eine sichere Integration der erzeugten Solarenergie in das \u00f6ffentliche Stromnetz oder f\u00fcr den lokalen Verbrauch.&nbsp;<\/p>\n<\/details>\n<\/div>\n<\/div><figure class=\"wp-block-media-text__media\" style=\"background-image:url(https:\/\/ks-solar.com\/solar\/wp-content\/uploads\/sites\/7\/2024\/03\/kateryna-hliznitsova-zlSuopG88LE-unsplash-1024x684.webp);background-position:50% 50%\"><img loading=\"lazy\" decoding=\"async\" width=\"1024\" height=\"684\" src=\"https:\/\/ks-solar.com\/solar\/wp-content\/uploads\/sites\/7\/2024\/03\/kateryna-hliznitsova-zlSuopG88LE-unsplash-1024x684.webp\" alt=\"\" class=\"wp-image-30 size-full\" srcset=\"https:\/\/ks-solar.com\/solar\/wp-content\/uploads\/sites\/7\/2024\/03\/kateryna-hliznitsova-zlSuopG88LE-unsplash-1024x684.webp 1024w, https:\/\/ks-solar.com\/solar\/wp-content\/uploads\/sites\/7\/2024\/03\/kateryna-hliznitsova-zlSuopG88LE-unsplash-300x200.webp 300w, https:\/\/ks-solar.com\/solar\/wp-content\/uploads\/sites\/7\/2024\/03\/kateryna-hliznitsova-zlSuopG88LE-unsplash-768x513.webp 768w, https:\/\/ks-solar.com\/solar\/wp-content\/uploads\/sites\/7\/2024\/03\/kateryna-hliznitsova-zlSuopG88LE-unsplash-1536x1025.webp 1536w, https:\/\/ks-solar.com\/solar\/wp-content\/uploads\/sites\/7\/2024\/03\/kateryna-hliznitsova-zlSuopG88LE-unsplash-2048x1367.webp 2048w\" sizes=\"(max-width: 1024px) 100vw, 1024px\" \/><\/figure><\/div>\n<\/div>\n","protected":false},"excerpt":{"rendered":"<p>Sonnenkraft nutzen: Wie Photovoltaikanlagen saubere Energie erzeugen Eine Photovoltaikanlage wandelt mithilfe von Solarzellen, die aus Halbleitermaterialien bestehen, das einfallende Sonnenlicht in elektrische Energie um. Dies geschieht durch den photoelektrischen Effekt, bei dem Photonen des Lichts Elektronen in den Solarzellen anregen und freisetzen, wodurch ein elektrischer Strom erzeugt wird. Dieser Gleichstrom wird durch einen Wechselrichter in [&hellip;]<\/p>\n","protected":false},"author":2,"featured_media":0,"parent":0,"menu_order":0,"comment_status":"closed","ping_status":"closed","template":"","meta":{"footnotes":""},"_links":{"self":[{"href":"https:\/\/ks-solar.com\/solar\/wp-json\/wp\/v2\/pages\/88"}],"collection":[{"href":"https:\/\/ks-solar.com\/solar\/wp-json\/wp\/v2\/pages"}],"about":[{"href":"https:\/\/ks-solar.com\/solar\/wp-json\/wp\/v2\/types\/page"}],"author":[{"embeddable":true,"href":"https:\/\/ks-solar.com\/solar\/wp-json\/wp\/v2\/users\/2"}],"replies":[{"embeddable":true,"href":"https:\/\/ks-solar.com\/solar\/wp-json\/wp\/v2\/comments?post=88"}],"version-history":[{"count":2,"href":"https:\/\/ks-solar.com\/solar\/wp-json\/wp\/v2\/pages\/88\/revisions"}],"predecessor-version":[{"id":212,"href":"https:\/\/ks-solar.com\/solar\/wp-json\/wp\/v2\/pages\/88\/revisions\/212"}],"wp:attachment":[{"href":"https:\/\/ks-solar.com\/solar\/wp-json\/wp\/v2\/media?parent=88"}],"curies":[{"name":"wp","href":"https:\/\/api.w.org\/{rel}","templated":true}]}}